{"id":500,"date":"2022-03-14T15:17:10","date_gmt":"2022-03-14T15:17:10","guid":{"rendered":"https:\/\/awpm.pt\/?post_type=product&#038;p=500"},"modified":"2026-03-28T18:19:15","modified_gmt":"2026-03-28T18:19:15","slug":"2018-pedagogia-musical","status":"publish","type":"product","link":"https:\/\/awpm.pt\/en\/product\/2018-pedagogia-musical\/","title":{"rendered":"2018 &#8211; Pedagogia de Inicia\u00e7\u00e3o Musical"},"content":{"rendered":"<p><b>Book<\/b><span style=\"font-weight: 400;\"> Conte\u00fados do Curso de Pedagogia da Inicia\u00e7\u00e3o Musical, orientado por Jos Wuytack<\/span><\/p>\n<p><b>Pedagogia da Inicia\u00e7\u00e3o Musical<\/b><span style=\"font-weight: 400;\"> \u00e9 o sexto de um conjunto de livros, com os conte\u00fados dos Cursos de Pedagogia Musical orientados por Jos Wuytack. O livro abrange os temas do Curso de Inicia\u00e7\u00e3o: Ritmo (express\u00e3o verbal, imita\u00e7\u00e3o), Melodia (Progress\u00e3o mel\u00f3dica), Leitura (r\u00edtmica e mel\u00f3dica), Improvisa\u00e7\u00e3o (vocal e instrumental), Can\u00e7\u00f5es (com m\u00edmica e movimento), Pr\u00e1tica instrumental, Movimento (dan\u00e7as de crian\u00e7as), Audi\u00e7\u00e3o musical activa com o musicograma, Pedagogia musical (metodologia e did\u00e1tica).<\/span><\/p>\n<p><b>\u00cdndice<\/b><\/p>\n<p><span style=\"font-weight: 400;\">\u00a0\u00a0\u00a0\u00a0\u00a0Introdu\u00e7\u00e3o<\/span><\/p>\n<p><span style=\"font-weight: 400;\">1 \u00a0 Primeira sess\u00e3o<\/span><\/p>\n<p><span style=\"font-weight: 400;\">Tudo para todos<\/span><\/p>\n<p><span style=\"font-weight: 400;\">Imita\u00e7\u00e3o n\u00e3o \u00e9 limita\u00e7\u00e3o<\/span><\/p>\n<p><span style=\"font-weight: 400;\">Scha uma marcha &#8211; Movimento<\/span><\/p>\n<p><span style=\"font-weight: 400;\">Melodia Bit\u00f3nica<\/span><\/p>\n<p><span style=\"font-weight: 400;\">O corpo &#8211; Canto com movimento<\/span><\/p>\n<p><span style=\"font-weight: 400;\">2 \u00a0 Segunda sess\u00e3o<\/span><\/p>\n<p><span style=\"font-weight: 400;\">Melodia Trit\u00f3nica<\/span><\/p>\n<p><span style=\"font-weight: 400;\">Leitura da figura &#8211; Figuras r\u00edtmicas<\/span><\/p>\n<p><span style=\"font-weight: 400;\">Um peda\u00e7o de espa\u00e7o &#8211; Movimento<\/span><\/p>\n<p><span style=\"font-weight: 400;\">Melodia Tetrat\u00f3nica<\/span><\/p>\n<p><span style=\"font-weight: 400;\">M\u00fasica sem mo\u00e7\u00e3o = Bronzer sem lo\u00e7\u00e3o<\/span><\/p>\n<p><span style=\"font-weight: 400;\">3 \u00a0 Terceira sess\u00e3o<\/span><\/p>\n<p><span style=\"font-weight: 400;\">Melodia Folcl\u00f3rica<\/span><\/p>\n<p><span style=\"font-weight: 400;\">A pergunta precisa de resposta<\/span><\/p>\n<p><span style=\"font-weight: 400;\">Did\u00e1tica em pr\u00e1tica<\/span><\/p>\n<p><span style=\"font-weight: 400;\">Melodia Pentat\u00f3nica<\/span><\/p>\n<p><span style=\"font-weight: 400;\">Dan\u00e7as de crian\u00e7as<\/span><\/p>\n<p><span style=\"font-weight: 400;\">4 \u00a0 Quarta sess\u00e3o<\/span><\/p>\n<p><span style=\"font-weight: 400;\">Cinco notas consecutivas<\/span><\/p>\n<p><span style=\"font-weight: 400;\">Rond\u00f3 do mundo<\/span><\/p>\n<p><span style=\"font-weight: 400;\">O c\u00edrculo m\u00e1gico &#8211; Movimento<\/span><\/p>\n<p><span style=\"font-weight: 400;\">Audi\u00e7\u00e3o musical activa<\/span><\/p>\n<p><span style=\"font-weight: 400;\">5 \u00a0 Quinta sess\u00e3o<\/span><\/p>\n<p><span style=\"font-weight: 400;\">Criar e brincar<\/span><\/p>\n<p><span style=\"font-weight: 400;\">Melodias por etapas<\/span><\/p>\n<p><span style=\"font-weight: 400;\">Todos juntos a cantar<\/span><\/p>\n<p><span style=\"font-weight: 400;\">Bibliografia de Jos Wuytack<\/span><\/p>","protected":false},"excerpt":{"rendered":"<p><strong>Jos Wuytack<\/strong><br \/>\n<strong>Gra\u00e7a Boal Palheiros<\/strong><\/p>","protected":false},"featured_media":1764,"comment_status":"open","ping_status":"closed","template":"","meta":[],"product_cat":[27],"product_tag":[],"acf":[],"_links":{"self":[{"href":"https:\/\/awpm.pt\/en\/wp-json\/wp\/v2\/product\/500"}],"collection":[{"href":"https:\/\/awpm.pt\/en\/wp-json\/wp\/v2\/product"}],"about":[{"href":"https:\/\/awpm.pt\/en\/wp-json\/wp\/v2\/types\/product"}],"replies":[{"embeddable":true,"href":"https:\/\/awpm.pt\/en\/wp-json\/wp\/v2\/comments?post=500"}],"wp:featuredmedia":[{"embeddable":true,"href":"https:\/\/awpm.pt\/en\/wp-json\/wp\/v2\/media\/1764"}],"wp:attachment":[{"href":"https:\/\/awpm.pt\/en\/wp-json\/wp\/v2\/media?parent=500"}],"wp:term":[{"taxonomy":"product_cat","embeddable":true,"href":"https:\/\/awpm.pt\/en\/wp-json\/wp\/v2\/product_cat?post=500"},{"taxonomy":"product_tag","embeddable":true,"href":"https:\/\/awpm.pt\/en\/wp-json\/wp\/v2\/product_tag?post=500"}],"curies":[{"name":"wp","href":"https:\/\/api.w.org\/{rel}","templated":true}]}}