{"id":498,"date":"2022-03-14T15:13:44","date_gmt":"2022-03-14T15:13:44","guid":{"rendered":"https:\/\/awpm.pt\/?post_type=product&#038;p=498"},"modified":"2026-03-28T18:16:57","modified_gmt":"2026-03-28T18:16:57","slug":"2017-pedagogia-musical-5","status":"publish","type":"product","link":"https:\/\/awpm.pt\/en\/product\/2017-pedagogia-musical-5\/","title":{"rendered":"2017 &#8211; Pedagogia Musical 5"},"content":{"rendered":"<p><b>Book<\/b><span style=\"font-weight: 400;\"> Conte\u00fados do Curso de Pedagogia Musical &#8211; 5\u00ba Grau, orientado por Jos Wuytack<\/span><\/p>\n<p><b>Pedagogia Musical 5<\/b><span style=\"font-weight: 400;\">\u00a0\u00e9 o quinto de um conjunto de livros, com os conte\u00fados dos Cursos de Pedagogia Musical orientados por Jos Wuytack. O livro abrange os temas do Curso do 5\u00ba Grau: Melodia (Fenomenologia da melodia), Improvisa\u00e7\u00e3o r\u00edtmica e mel\u00f3dica, C\u00e2none (verbal, vocal, instrumental e corporal), Forma\u00e7\u00e3o vocal, Leitura, Pr\u00e1tica instrumental, Movimento, Audi\u00e7\u00e3o musical activa com o musicograma, Pedagogia musical (metodologia e did\u00e1tica).<\/span><\/p>\n<p><b>\u00cdndice<\/b><\/p>\n<p><span style=\"font-weight: 400;\">\u00a0\u00a0\u00a0\u00a0\u00a0Introdu\u00e7\u00e3o<\/span><\/p>\n<p><span style=\"font-weight: 400;\">1 \u00a0 Primeira sess\u00e3o<\/span><\/p>\n<p><span style=\"font-weight: 400;\">Com sentido divertido<\/span><\/p>\n<p><span style=\"font-weight: 400;\">A leitura n\u00e3o \u00e9 dura &#8211; Leitura r\u00edtmica<\/span><\/p>\n<p><span style=\"font-weight: 400;\">Passo e compasso &#8211; Movimento<\/span><\/p>\n<p><span style=\"font-weight: 400;\">Tanto canto &#8211; Canto coral e movimento<\/span><\/p>\n<p><span style=\"font-weight: 400;\">2 \u00a0 Segunda sess\u00e3o<\/span><\/p>\n<p><span style=\"font-weight: 400;\">Da imita\u00e7\u00e3o \u00e0 cria\u00e7\u00e3o<\/span><\/p>\n<p><span style=\"font-weight: 400;\">Leitura mel\u00f3dica<\/span><\/p>\n<p><span style=\"font-weight: 400;\">Audi\u00e7\u00e3o musical activa<\/span><\/p>\n<p><span style=\"font-weight: 400;\">3 \u00a0 Terceira sess\u00e3o<\/span><\/p>\n<p><span style=\"font-weight: 400;\">Fenomenologia dos intervalos<\/span><\/p>\n<p><span style=\"font-weight: 400;\">Tipos de c\u00e2none<\/span><\/p>\n<p><span style=\"font-weight: 400;\">N\u00f3s e a voz &#8211; Canto coral e movimento\u00a0<\/span><\/p>\n<p><span style=\"font-weight: 400;\">4 \u00a0 Quarta sess\u00e3o<\/span><\/p>\n<p><span style=\"font-weight: 400;\">Aprender \u00e9 um prazer &#8211; Metodologias<\/span><\/p>\n<p><span style=\"font-weight: 400;\">Dan\u00e7as folcl\u00f3ricas<\/span><\/p>\n<p><span style=\"font-weight: 400;\">5 \u00a0 Quinta sess\u00e3o<\/span><\/p>\n<p><span style=\"font-weight: 400;\">Orquestra\u00e7\u00e3o com aten\u00e7\u00e3o<\/span><\/p>\n<p><span style=\"font-weight: 400;\">Por\u00e7\u00e3o de cria\u00e7\u00e3o &#8211; Improvisar sobre um texto<\/span><\/p>\n<p><span style=\"font-weight: 400;\">Pe\u00e7as em diversos estilos<\/span><\/p>\n<p><span style=\"font-weight: 400;\">Fim do festim &#8211; Canto coral e movimento<\/span><\/p>\n<p><span style=\"font-weight: 400;\">Bibliografia de Jos Wuytack<\/span><\/p>","protected":false},"excerpt":{"rendered":"<p><strong>Jos Wuytack<\/strong><br \/>\n<strong>Gra\u00e7a Boal Palheiros<\/strong><\/p>","protected":false},"featured_media":1763,"comment_status":"open","ping_status":"closed","template":"","meta":[],"product_cat":[27],"product_tag":[],"acf":[],"_links":{"self":[{"href":"https:\/\/awpm.pt\/en\/wp-json\/wp\/v2\/product\/498"}],"collection":[{"href":"https:\/\/awpm.pt\/en\/wp-json\/wp\/v2\/product"}],"about":[{"href":"https:\/\/awpm.pt\/en\/wp-json\/wp\/v2\/types\/product"}],"replies":[{"embeddable":true,"href":"https:\/\/awpm.pt\/en\/wp-json\/wp\/v2\/comments?post=498"}],"wp:featuredmedia":[{"embeddable":true,"href":"https:\/\/awpm.pt\/en\/wp-json\/wp\/v2\/media\/1763"}],"wp:attachment":[{"href":"https:\/\/awpm.pt\/en\/wp-json\/wp\/v2\/media?parent=498"}],"wp:term":[{"taxonomy":"product_cat","embeddable":true,"href":"https:\/\/awpm.pt\/en\/wp-json\/wp\/v2\/product_cat?post=498"},{"taxonomy":"product_tag","embeddable":true,"href":"https:\/\/awpm.pt\/en\/wp-json\/wp\/v2\/product_tag?post=498"}],"curies":[{"name":"wp","href":"https:\/\/api.w.org\/{rel}","templated":true}]}}