{"id":494,"date":"2022-03-14T14:37:46","date_gmt":"2022-03-14T14:37:46","guid":{"rendered":"https:\/\/awpm.pt\/?post_type=product&#038;p=494"},"modified":"2026-03-28T18:14:03","modified_gmt":"2026-03-28T18:14:03","slug":"2016-pedagogia-musical-4","status":"publish","type":"product","link":"https:\/\/awpm.pt\/en\/product\/2016-pedagogia-musical-4\/","title":{"rendered":"2016 &#8211; Pedagogia Musical 4"},"content":{"rendered":"<p><strong>Book<\/strong> Conte\u00fados do Curso de Pedagogia Musical &#8211; 4o Grau, orientado por Jos Wuytack<\/p>\n<p><strong>Pedagogia Musical 4<\/strong> \u00e9 o quarto de um conjunto de livros, com os conte\u00fados dos Cursos de Pedagogia Musical<br \/>\norientados por Jos Wuytack. O livro abrange os temas do Curso do 4o Grau: Melodia (Escalas pentat\u00f3nicas e<br \/>\nheptat\u00f3nicas e modos antigos), Ritmo (altern\u00e2ncia de compassos), Harmonia (bord\u00e3o, I-V e I-VII), Parafonia<br \/>\n(vozes paralelas), T\u00e9cnica do instrumental Orff, Canto e movimento, Dan\u00e7as, Audi\u00e7\u00e3o musical activa com o<br \/>\nmusicograma, Pedagogia musical (metodologia e did\u00e1tica).<\/p>\n<p><strong>\u00cdndice<\/strong><br \/>\nIntrodu\u00e7\u00e3o<br \/>\n1 Primeira sess\u00e3o<br \/>\nImitar e treinar<br \/>\nMisturas seguras &#8211; Parafonia de terceiras e sextas<br \/>\nDan\u00e7ar com sete &#8211; Movimento em 7\/8<br \/>\nCor, por favor \u2013 Timbres dos instrumentos Orff<br \/>\nCantar e desfrutar &#8211; Canto coral e movimento<br \/>\n2 Segunda sess\u00e3o<br \/>\nEnt\u00e3o, o bord\u00e3o &#8211; Acompanhamento de Bord\u00e3o<br \/>\nAudi\u00e7\u00e3o musical activa<br \/>\nMisturas duras &#8211; Parafonia de quartas e quintas<br \/>\nImitar e criar &#8211; Movimento<br \/>\n3 Terceira sess\u00e3o<br \/>\nPedagogia da harmonia \u2013 Acompanhamento I-V<br \/>\nMisturas raras &#8211; Parafonia de segundas e s\u00e9timas<br \/>\nDan\u00e7as Europeias<br \/>\nRitmo com \u00e2nimo &#8211; Percuss\u00e3o<br \/>\nCan\u00e7\u00e3o e educa\u00e7\u00e3o &#8211; Canto coral e movimento<br \/>\n4 Quarta sess\u00e3o<br \/>\nEnsinar a ensinar<br \/>\nMosaico arcaico &#8211; Acompanhamentos I-VII e I-II<br \/>\nM\u00fasica repetitiva<br \/>\n5 Quinta sess\u00e3o<br \/>\nTr\u00eas modos c\u00f3modos &#8211; Modos antigos menores<br \/>\nA trindade &#8211; Express\u00e3o verbal, musical, corporal<br \/>\nCoral final &#8211; Canto coral e movimento<br \/>\nBibliografia de Jos Wuytack<\/p>","protected":false},"excerpt":{"rendered":"<p><strong>Jos Wuytack<\/strong><br \/>\n<strong>Gra\u00e7a Boal Palheiros<\/strong><\/p>","protected":false},"featured_media":1761,"comment_status":"open","ping_status":"closed","template":"","meta":[],"product_cat":[27],"product_tag":[],"acf":[],"_links":{"self":[{"href":"https:\/\/awpm.pt\/en\/wp-json\/wp\/v2\/product\/494"}],"collection":[{"href":"https:\/\/awpm.pt\/en\/wp-json\/wp\/v2\/product"}],"about":[{"href":"https:\/\/awpm.pt\/en\/wp-json\/wp\/v2\/types\/product"}],"replies":[{"embeddable":true,"href":"https:\/\/awpm.pt\/en\/wp-json\/wp\/v2\/comments?post=494"}],"wp:featuredmedia":[{"embeddable":true,"href":"https:\/\/awpm.pt\/en\/wp-json\/wp\/v2\/media\/1761"}],"wp:attachment":[{"href":"https:\/\/awpm.pt\/en\/wp-json\/wp\/v2\/media?parent=494"}],"wp:term":[{"taxonomy":"product_cat","embeddable":true,"href":"https:\/\/awpm.pt\/en\/wp-json\/wp\/v2\/product_cat?post=494"},{"taxonomy":"product_tag","embeddable":true,"href":"https:\/\/awpm.pt\/en\/wp-json\/wp\/v2\/product_tag?post=494"}],"curies":[{"name":"wp","href":"https:\/\/api.w.org\/{rel}","templated":true}]}}