{"id":489,"date":"2022-03-14T14:27:17","date_gmt":"2022-03-14T14:27:17","guid":{"rendered":"https:\/\/awpm.pt\/?post_type=product&#038;p=489"},"modified":"2026-03-28T13:25:53","modified_gmt":"2026-03-28T13:25:53","slug":"489","status":"publish","type":"product","link":"https:\/\/awpm.pt\/en\/product\/489\/","title":{"rendered":"2011 &#8211; Perfom the form"},"content":{"rendered":"<p><strong>Coordena\u00e7\u00e3o<\/strong><br \/>\nGra\u00e7a Boal Palheiros<\/p>\n<p><strong>Partitura<\/strong>\u00a04 Pe\u00e7as para flautas de bisel e instrumental Orff, nas formas ABA, Sonata e Tema e Varia\u00e7\u00f5es.<\/p>\n<p>As quatro pequenas pe\u00e7as de <b>Perform the Form<\/b>, para flautas de bisel e instrumental Orff (jogos de sinos, xilofones, metalofones e pequena percuss\u00e3o) focam estruturas formais cl\u00e1ssicas, como a forma ABA, a forma Sonata, e o Tema e varia\u00e7\u00f5es. Destinam-se a apoiar grupos de crian\u00e7as com algum treino instrumental a desenvolverem a capacidade de tocar em conjunto, bem como a compreens\u00e3o da forma.<\/p>\n<p>A melhor maneira de interpretar as duas suites, Pent-Aba-Tonica e Suite Modal, assim como as Varia\u00e7\u00f5es, ser\u00e1 como pe\u00e7as completas. No entanto, as diferentes partes tamb\u00e9m podem ser interpretadas autonomamente, na sala de aula.<\/p>\n<p><strong>\u00cdndice<\/strong><\/p>\n<table border=\"0\" cellspacing=\"0\" cellpadding=\"0\" align=\"center\">\n<tbody>\n<tr>\n<td class=\"border_style_e\"><strong>PENT-ABA-TONICA<\/strong><\/td>\n<\/tr>\n<tr>\n<td class=\"border_style_f\">\u00a0\u00a0\u00a0\u00a0Fare to Fa-re<\/td>\n<\/tr>\n<tr>\n<td class=\"border_style_f\">\u00a0\u00a0\u00a0\u00a0Sol-ely Me<\/td>\n<\/tr>\n<tr>\n<td class=\"border_style_f\">\u00a0\u00a0\u00a0\u00a0Diego in La-re-Do<\/td>\n<\/tr>\n<tr>\n<td class=\"border_style_f\"><strong>MODAL SUITE HOMAGE TO CARL ORFF<\/strong><\/td>\n<\/tr>\n<tr>\n<td class=\"border_style_f\">\u00a0\u00a0\u00a0\u00a0Doriana<\/td>\n<\/tr>\n<tr>\n<td class=\"border_style_f\">\u00a0\u00a0\u00a0\u00a0Good Friday<\/td>\n<\/tr>\n<tr>\n<td class=\"border_style_f\">\u00a0\u00a0\u00a0\u00a0Music Box<\/td>\n<\/tr>\n<tr>\n<td class=\"border_style_f\">\u00a0\u00a0\u00a0\u00a0L\u00e4ndler<\/td>\n<\/tr>\n<tr>\n<td class=\"border_style_f\">\u00a0\u00a0\u00a0\u00a0Aeolus&#8217; Dance<\/td>\n<\/tr>\n<tr>\n<td class=\"border_style_f\"><strong>A MINI SONATINA<\/strong><\/td>\n<\/tr>\n<tr>\n<td class=\"border_style_f\"><strong>VARIATIONS ON HAPPY BIRTHDAY<\/strong><\/td>\n<\/tr>\n<tr>\n<td class=\"border_style_f\">\u00a0\u00a0\u00a0\u00a0Theme<\/td>\n<\/tr>\n<tr>\n<td class=\"border_style_f\">\u00a0\u00a0\u00a0\u00a0Happy and Snappy<\/td>\n<\/tr>\n<tr>\n<td class=\"border_style_f\">\u00a0\u00a0\u00a0\u00a0Old Bird<\/td>\n<\/tr>\n<tr>\n<td class=\"border_style_f\">\u00a0\u00a0\u00a0\u00a0A Day to Stay<\/td>\n<\/tr>\n<tr>\n<td class=\"border_style_f\">\u00a0\u00a0\u00a0\u00a0To and Fro<\/td>\n<\/tr>\n<tr>\n<td class=\"border_style_f\">\u00a0\u00a0\u00a0\u00a0You at the U.<\/td>\n<\/tr>\n<tr>\n<td class=\"border_style_f\">\u00a0\u00a0\u00a0\u00a0Coda<\/td>\n<\/tr>\n<\/tbody>\n<\/table>","protected":false},"excerpt":{"rendered":"<p><strong>Jos Wuytack<\/strong><\/p>","protected":false},"featured_media":1753,"comment_status":"open","ping_status":"closed","template":"","meta":[],"product_cat":[27],"product_tag":[],"acf":[],"_links":{"self":[{"href":"https:\/\/awpm.pt\/en\/wp-json\/wp\/v2\/product\/489"}],"collection":[{"href":"https:\/\/awpm.pt\/en\/wp-json\/wp\/v2\/product"}],"about":[{"href":"https:\/\/awpm.pt\/en\/wp-json\/wp\/v2\/types\/product"}],"replies":[{"embeddable":true,"href":"https:\/\/awpm.pt\/en\/wp-json\/wp\/v2\/comments?post=489"}],"wp:featuredmedia":[{"embeddable":true,"href":"https:\/\/awpm.pt\/en\/wp-json\/wp\/v2\/media\/1753"}],"wp:attachment":[{"href":"https:\/\/awpm.pt\/en\/wp-json\/wp\/v2\/media?parent=489"}],"wp:term":[{"taxonomy":"product_cat","embeddable":true,"href":"https:\/\/awpm.pt\/en\/wp-json\/wp\/v2\/product_cat?post=489"},{"taxonomy":"product_tag","embeddable":true,"href":"https:\/\/awpm.pt\/en\/wp-json\/wp\/v2\/product_tag?post=489"}],"curies":[{"name":"wp","href":"https:\/\/api.w.org\/{rel}","templated":true}]}}