{"id":487,"date":"2022-03-14T14:24:45","date_gmt":"2022-03-14T14:24:45","guid":{"rendered":"https:\/\/awpm.pt\/?post_type=product&#038;p=487"},"modified":"2026-03-28T13:31:06","modified_gmt":"2026-03-28T13:31:06","slug":"2011-sing-a-song-play-along","status":"publish","type":"product","link":"https:\/\/awpm.pt\/en\/product\/2011-sing-a-song-play-along\/","title":{"rendered":"2011 &#8211; Sing a song, play along"},"content":{"rendered":"<p><strong>Coordena\u00e7\u00e3o<\/strong><br \/>\nGra\u00e7a Boal Palheiros<\/p>\n<p><strong>Partitura<\/strong>\u00a08 Pe\u00e7as vocais e instrumentais, para vozes, flautas de bisel e instrumental Orff.<\/p>\n<p><strong>Sing a Song, Play Along<\/strong>, um conjunto de oito pe\u00e7as vocais e instrumentais para vozes, flautas de bisel e instrumental Orff (jogos de sinos, xilofones, metalofones e pequena percuss\u00e3o), \u00e9 dedicado \u00e0s crian\u00e7as e aos jovens. Cantar e tocar em grupo desenvolve a compet\u00eancias musicais, motoras e sociais, e aumenta a motiva\u00e7\u00e3o e o prazer de fazer m\u00fasica.<\/p>\n<p>As can\u00e7\u00f5es t\u00eam um cunho popular e as pe\u00e7as instrumentais ilustram as ricas possibilidades do instrumental Orff. Algumas pe\u00e7as s\u00e3o baseadas em padr\u00f5es com ostinatos, para serem interpretadas de maneira cumulativa. Embora as pe\u00e7as sejam f\u00e1ceis, dever\u00e3o ser tocadas com uma t\u00e9cnica correcta de baquetas, para se obter uma boa sonoridade, real\u00e7ando a variedade de timbres do conjunto.<\/p>\n<p><strong>\u00cdndice<\/strong><\/p>\n<table border=\"0\" cellspacing=\"0\" cellpadding=\"0\" align=\"center\">\n<tbody>\n<tr>\n<td class=\"border_style_e\"><strong>Peace on Earth<\/strong><\/td>\n<td class=\"border_style_a\">Song in Calypso style after lyrics by J. J. Miller<\/td>\n<\/tr>\n<tr>\n<td class=\"border_style_f\"><strong>Ostinato ma non troppo<\/strong><\/td>\n<td class=\"border_style_a\">Rhythmic ostinatos for unpitched percussion<\/td>\n<\/tr>\n<tr>\n<td class=\"border_style_f\"><strong>Sun is Down<\/strong><\/td>\n<td class=\"border_style_a\">Jamaican song<\/td>\n<\/tr>\n<tr>\n<td class=\"border_style_f\"><strong>Chaconne at the Sorbonne<\/strong><\/td>\n<td class=\"border_style_a\">Harmonic ostinatos for pitched percussion<\/td>\n<\/tr>\n<tr>\n<td class=\"border_style_f\"><strong>Pop on Top<\/strong><\/td>\n<td class=\"border_style_a\">Piece in ABA form<\/td>\n<\/tr>\n<tr>\n<td class=\"border_style_f\"><strong>Say Yes!<\/strong><\/td>\n<td class=\"border_style_a\">Song in a popular style<\/td>\n<\/tr>\n<tr>\n<td class=\"border_style_f\"><strong>The Rose<\/strong><\/td>\n<td class=\"border_style_a\">Song by A. McBrown, harmonized for Orff instruments<\/td>\n<\/tr>\n<tr>\n<td class=\"border_style_f\"><strong>Bolero del Sombrero<\/strong><\/td>\n<td class=\"border_style_a\">Orchestration per additionem<\/td>\n<\/tr>\n<\/tbody>\n<\/table>","protected":false},"excerpt":{"rendered":"<p><strong>Jos Wuytack<\/strong><\/p>","protected":false},"featured_media":1754,"comment_status":"open","ping_status":"closed","template":"","meta":[],"product_cat":[23],"product_tag":[],"acf":[],"_links":{"self":[{"href":"https:\/\/awpm.pt\/en\/wp-json\/wp\/v2\/product\/487"}],"collection":[{"href":"https:\/\/awpm.pt\/en\/wp-json\/wp\/v2\/product"}],"about":[{"href":"https:\/\/awpm.pt\/en\/wp-json\/wp\/v2\/types\/product"}],"replies":[{"embeddable":true,"href":"https:\/\/awpm.pt\/en\/wp-json\/wp\/v2\/comments?post=487"}],"wp:featuredmedia":[{"embeddable":true,"href":"https:\/\/awpm.pt\/en\/wp-json\/wp\/v2\/media\/1754"}],"wp:attachment":[{"href":"https:\/\/awpm.pt\/en\/wp-json\/wp\/v2\/media?parent=487"}],"wp:term":[{"taxonomy":"product_cat","embeddable":true,"href":"https:\/\/awpm.pt\/en\/wp-json\/wp\/v2\/product_cat?post=487"},{"taxonomy":"product_tag","embeddable":true,"href":"https:\/\/awpm.pt\/en\/wp-json\/wp\/v2\/product_tag?post=487"}],"curies":[{"name":"wp","href":"https:\/\/api.w.org\/{rel}","templated":true}]}}