{"id":485,"date":"2022-03-14T14:18:33","date_gmt":"2022-03-14T14:18:33","guid":{"rendered":"https:\/\/awpm.pt\/?post_type=product&#038;p=485"},"modified":"2026-03-28T18:20:52","modified_gmt":"2026-03-28T18:20:52","slug":"musicalia-flauta-de-bisel","status":"publish","type":"product","link":"https:\/\/awpm.pt\/en\/product\/musicalia-flauta-de-bisel\/","title":{"rendered":"Musicalia \u2013 Flauta de bisel"},"content":{"rendered":"<p>Pour la flute a bec<br \/>\nPlay the recorder<br \/>\nToca la flauta dulce<\/p>\n<p>Livro Melodias e pe\u00e7as para aprender a tocar flauta de bisel soprano.<br \/>\nEd. De Garve, Brugge<\/p>\n<p>Este pequeno livro ajuda a adquirir sistematicamente a t\u00e9cnica da flauta de bisel (soprano). A apresenta\u00e7\u00e3o das melodias e pe\u00e7as est\u00e1 organizada segundo o seu grau de dificuldade, e segue a progress\u00e3o mel\u00f3dica. \u00c9 indispens\u00e1vel ler bem as indica\u00e7\u00f5es t\u00e9cnicas sobre a postura, a respira\u00e7\u00e3o, o som e a sua articula\u00e7\u00e3o. Todas as dedilha\u00e7\u00f5es s\u00e3o ilustradas. S\u00e3o referidas ambas as dedilha\u00e7\u00f5es, alem\u00e3 e barroca. Desde o in\u00edcio, os alunos ser\u00e3o capazes de interpretar pequenas melodias.<\/p>\n<p>O repert\u00f3rio consiste numa antologia de can\u00e7\u00f5es e dan\u00e7as folcl\u00f3ricas de pa\u00edses diferentes, de pe\u00e7as barrocas, e de pequenas pe\u00e7as compostas especialmente para este livro. Inclui ainda pe\u00e7as a v\u00e1rias vozes, para serem interpretadas por pequenos grupos, e que tamb\u00e9m podem ser tocadas separadamente.<\/p>","protected":false},"excerpt":{"rendered":"<p><strong>Jos Wuytack<\/strong><\/p>","protected":false},"featured_media":1765,"comment_status":"open","ping_status":"closed","template":"","meta":[],"product_cat":[27],"product_tag":[],"acf":[],"_links":{"self":[{"href":"https:\/\/awpm.pt\/en\/wp-json\/wp\/v2\/product\/485"}],"collection":[{"href":"https:\/\/awpm.pt\/en\/wp-json\/wp\/v2\/product"}],"about":[{"href":"https:\/\/awpm.pt\/en\/wp-json\/wp\/v2\/types\/product"}],"replies":[{"embeddable":true,"href":"https:\/\/awpm.pt\/en\/wp-json\/wp\/v2\/comments?post=485"}],"wp:featuredmedia":[{"embeddable":true,"href":"https:\/\/awpm.pt\/en\/wp-json\/wp\/v2\/media\/1765"}],"wp:attachment":[{"href":"https:\/\/awpm.pt\/en\/wp-json\/wp\/v2\/media?parent=485"}],"wp:term":[{"taxonomy":"product_cat","embeddable":true,"href":"https:\/\/awpm.pt\/en\/wp-json\/wp\/v2\/product_cat?post=485"},{"taxonomy":"product_tag","embeddable":true,"href":"https:\/\/awpm.pt\/en\/wp-json\/wp\/v2\/product_tag?post=485"}],"curies":[{"name":"wp","href":"https:\/\/api.w.org\/{rel}","templated":true}]}}