{"id":422,"date":"2022-03-11T15:40:35","date_gmt":"2022-03-11T15:40:35","guid":{"rendered":"https:\/\/awpm.pt\/?post_type=product&#038;p=422"},"modified":"2026-03-28T18:22:11","modified_gmt":"2026-03-28T18:22:11","slug":"musicalia-musicogramas","status":"publish","type":"product","link":"https:\/\/awpm.pt\/en\/product\/musicalia-musicogramas\/","title":{"rendered":"Musicalia \u2013 Musicogramas"},"content":{"rendered":"<p>Livro Musicogramas coloridos de 28 excertos de obras de v\u00e1rios compositores.<br \/>\nEd. De Garve, Brugge<\/p>\n<p>A Audi\u00e7\u00e3o musical activa \u00e9 um sistema desenvolvido por Jos Wuytack, para o ensino da audi\u00e7\u00e3o a jovens n\u00e3o-m\u00fasicos, baseado na interpreta\u00e7\u00e3o pr\u00e9via dos materiais musicais e no musicograma: visualiza\u00e7\u00e3o da estrutura da m\u00fasica, atrav\u00e9s de um esquema que utiliza cores e formas geom\u00e9tricas para representar os temas, e s\u00edmbolos dos instrumentos.<\/p>\n<p>Neste livro, ampliamos o repert\u00f3rio da Audi\u00e7\u00e3o Musical Activa, com 28 musicogramas de excertos de obras de diferentes estilos e \u00e9pocas.<\/p>","protected":false},"excerpt":{"rendered":"<p><strong>Jos Wuytack<\/strong><\/p>","protected":false},"featured_media":1766,"comment_status":"open","ping_status":"closed","template":"","meta":[],"product_cat":[27],"product_tag":[],"acf":[],"_links":{"self":[{"href":"https:\/\/awpm.pt\/en\/wp-json\/wp\/v2\/product\/422"}],"collection":[{"href":"https:\/\/awpm.pt\/en\/wp-json\/wp\/v2\/product"}],"about":[{"href":"https:\/\/awpm.pt\/en\/wp-json\/wp\/v2\/types\/product"}],"replies":[{"embeddable":true,"href":"https:\/\/awpm.pt\/en\/wp-json\/wp\/v2\/comments?post=422"}],"wp:featuredmedia":[{"embeddable":true,"href":"https:\/\/awpm.pt\/en\/wp-json\/wp\/v2\/media\/1766"}],"wp:attachment":[{"href":"https:\/\/awpm.pt\/en\/wp-json\/wp\/v2\/media?parent=422"}],"wp:term":[{"taxonomy":"product_cat","embeddable":true,"href":"https:\/\/awpm.pt\/en\/wp-json\/wp\/v2\/product_cat?post=422"},{"taxonomy":"product_tag","embeddable":true,"href":"https:\/\/awpm.pt\/en\/wp-json\/wp\/v2\/product_tag?post=422"}],"curies":[{"name":"wp","href":"https:\/\/api.w.org\/{rel}","templated":true}]}}