{"id":420,"date":"2022-03-11T15:27:02","date_gmt":"2022-03-11T15:27:02","guid":{"rendered":"https:\/\/awpm.pt\/?post_type=product&#038;p=420"},"modified":"2026-03-28T13:23:53","modified_gmt":"2026-03-28T13:23:53","slug":"2008-carmina-europea","status":"publish","type":"product","link":"https:\/\/awpm.pt\/en\/product\/2008-carmina-europea\/","title":{"rendered":"2008 \u2013 Carmina Europea"},"content":{"rendered":"<p><b>CD<\/b>\u00a0Can\u00e7\u00f5es e dan\u00e7as tradicionais de 25 pa\u00edses da Uni\u00e3o Europeia, para instrumentos cl\u00e1ssicos e instrumental Orff.<\/p>\n<p>O\u00a0<b>CD\u00a0Carmina Europea<\/b> cont\u00e9m a vers\u00e3o instrumental das 25 can\u00e7\u00f5es do livro Carmina Europea, para instrumental Orff e para instrumentos cl\u00e1ssicos: flauta de bisel, flauta transversal, clarinete, saxofone, viola, violoncelo e guitarra. Este CD destina-se a apoiar a interpreta\u00e7\u00e3o vocal e a realiza\u00e7\u00e3o das dan\u00e7as, nas escolas.<\/p>\n<p><b>Can\u00e7\u00f5es de 25 pa\u00edses da Uni\u00e3o Europeia<\/b><\/p>\n<table border=\"0\" width=\"534\" cellspacing=\"0\" cellpadding=\"0\" align=\"center\">\n<tbody>\n<tr>\n<td class=\"border_style_e\"><b>1<\/b><\/td>\n<td class=\"border_style_a\">Austria<\/td>\n<td class=\"border_style_a\">\u00d6sterreich<\/td>\n<td class=\"border_style_a\"><i>Die Hammaschmiedsgs\u00f6lln<i><\/i><\/i><\/td>\n<\/tr>\n<tr>\n<td class=\"border_style_f\"><b>2<\/b><\/td>\n<td class=\"border_style_b\">Belgium<\/td>\n<td class=\"border_style_b\">Belgi\u00eb<\/td>\n<td class=\"border_style_b\"><i>Maseurtje, ga je mee?<i><\/i><\/i><\/td>\n<\/tr>\n<tr>\n<td class=\"border_style_f\"><b>3<\/b><\/td>\n<td class=\"border_style_b\">Cyprus<\/td>\n<td class=\"border_style_b\">Kypros<\/td>\n<td class=\"border_style_b\"><i>Provatakia<i><\/i><\/i><\/td>\n<\/tr>\n<tr>\n<td class=\"border_style_f\"><b>4<\/b><\/td>\n<td class=\"border_style_b\">Czech Republic<\/td>\n<td class=\"border_style_b\">Cesk\u00e1 Republika<\/td>\n<td class=\"border_style_b\"><i>Netukej<i><\/i><\/i><\/td>\n<\/tr>\n<tr>\n<td class=\"border_style_f\"><b>5<\/b><\/td>\n<td class=\"border_style_b\">Denmark<\/td>\n<td class=\"border_style_b\">Danmark<\/td>\n<td class=\"border_style_b\"><i>Marken er mejet<i><\/i><\/i><\/td>\n<\/tr>\n<tr>\n<td class=\"border_style_f\"><b>6<\/b><\/td>\n<td class=\"border_style_b\">Estonia<\/td>\n<td class=\"border_style_b\">Eesti<\/td>\n<td class=\"border_style_b\"><i>Kikas \u00fctles kanale<i><\/i><\/i><\/td>\n<\/tr>\n<tr>\n<td class=\"border_style_f\"><b>7<\/b><\/td>\n<td class=\"border_style_b\">Finland<\/td>\n<td class=\"border_style_b\">Suomi<\/td>\n<td class=\"border_style_b\"><i>Palpa\u2019s Killy<i><\/i><\/i><\/td>\n<\/tr>\n<tr>\n<td class=\"border_style_f\"><b>8<\/b><\/td>\n<td class=\"border_style_b\">France<\/td>\n<td class=\"border_style_b\">France<\/td>\n<td class=\"border_style_b\"><i>Sur le pont d\u2019Avignon<i><\/i><\/i><\/td>\n<\/tr>\n<tr>\n<td class=\"border_style_f\"><b>9<\/b><\/td>\n<td class=\"border_style_b\">Germany<\/td>\n<td class=\"border_style_b\">Deutschland<\/td>\n<td class=\"border_style_b\"><i>Freut euch des Lebens<i><\/i><\/i><\/td>\n<\/tr>\n<tr>\n<td class=\"border_style_f\"><b>10<\/b><\/td>\n<td class=\"border_style_b\">Greece<\/td>\n<td class=\"border_style_b\">Ellada<\/td>\n<td class=\"border_style_b\"><i>M\u2019agapas<i><\/i><\/i><\/td>\n<\/tr>\n<tr>\n<td class=\"border_style_f\"><b>11<\/b><\/td>\n<td class=\"border_style_b\">Hungary<\/td>\n<td class=\"border_style_b\">Magyarorsz\u00e1g<\/td>\n<td class=\"border_style_b\"><i>Erik a ropog\u00f3s<i><\/i><\/i><\/td>\n<\/tr>\n<tr>\n<td class=\"border_style_f\"><b>12<\/b><\/td>\n<td class=\"border_style_b\">Ireland<\/td>\n<td class=\"border_style_b\">\u00c9ire<\/td>\n<td class=\"border_style_b\"><i>Thugamar f\u00e9in an samhradh linn<i><\/i><\/i><\/td>\n<\/tr>\n<tr>\n<td class=\"border_style_f\"><b>13<\/b><\/td>\n<td class=\"border_style_b\">Italy<\/td>\n<td class=\"border_style_b\">Italia<\/td>\n<td class=\"border_style_b\"><i>I maccheroni<i><\/i><\/i><\/td>\n<\/tr>\n<tr>\n<td class=\"border_style_f\"><b>14<\/b><\/td>\n<td class=\"border_style_b\">Latvia<\/td>\n<td class=\"border_style_b\">Latvija<\/td>\n<td class=\"border_style_b\"><i>Mugurdancis<i><\/i><\/i><\/td>\n<\/tr>\n<tr>\n<td class=\"border_style_f\"><b>15<\/b><\/td>\n<td class=\"border_style_b\">Lithuania<\/td>\n<td class=\"border_style_b\">Lietuva<\/td>\n<td class=\"border_style_b\"><i>Duda<i><\/i><\/i><\/td>\n<\/tr>\n<tr>\n<td class=\"border_style_f\"><b>16<\/b><\/td>\n<td class=\"border_style_b\">Luxembourg<\/td>\n<td class=\"border_style_b\">Luxembourg<\/td>\n<td class=\"border_style_b\"><i>Et wor a Meedchen zu G\u00ebtzen<i><\/i><\/i><\/td>\n<\/tr>\n<tr>\n<td class=\"border_style_f\"><b>17<\/b><\/td>\n<td class=\"border_style_b\">Malta<\/td>\n<td class=\"border_style_b\">Malta<\/td>\n<td class=\"border_style_b\"><i>Tiritomba<i><\/i><\/i><\/td>\n<\/tr>\n<tr>\n<td class=\"border_style_f\"><b>18<\/b><\/td>\n<td class=\"border_style_b\">Poland<\/td>\n<td class=\"border_style_b\">Polska<\/td>\n<td class=\"border_style_b\">Maciek<\/td>\n<\/tr>\n<tr>\n<td class=\"border_style_f\"><b>19<\/b><\/td>\n<td class=\"border_style_b\">Portugal<\/td>\n<td class=\"border_style_b\">Portugal<\/td>\n<td class=\"border_style_b\">Malh\u00e3o<\/td>\n<\/tr>\n<tr>\n<td class=\"border_style_f\"><b>20<\/b><\/td>\n<td class=\"border_style_b\">Slovakia<\/td>\n<td class=\"border_style_b\">Slovensko<\/td>\n<td class=\"border_style_b\">Starej Breclavy<\/td>\n<\/tr>\n<tr>\n<td class=\"border_style_f\"><b>21<\/b><\/td>\n<td class=\"border_style_b\">Slovenia<\/td>\n<td class=\"border_style_b\">Slovenija<\/td>\n<td class=\"border_style_b\">Na Gorenjsken je fletuo<\/td>\n<\/tr>\n<tr>\n<td class=\"border_style_f\"><b>22<\/b><\/td>\n<td class=\"border_style_b\">Spain<\/td>\n<td class=\"border_style_b\">Espa\u00f1a<\/td>\n<td class=\"border_style_b\">Al lado de mi caba\u00f1a<\/td>\n<\/tr>\n<tr>\n<td class=\"border_style_f\"><b>23<\/b><\/td>\n<td class=\"border_style_b\">Sweden<\/td>\n<td class=\"border_style_b\">Sverige<\/td>\n<td class=\"border_style_b\">Och flickan hon g\u00e5r i dansen<\/td>\n<\/tr>\n<tr>\n<td class=\"border_style_f\"><b>24<\/b><\/td>\n<td class=\"border_style_b\">The Netherlands<\/td>\n<td class=\"border_style_b\">Nederland<\/td>\n<td class=\"border_style_b\">Als de grote klokke luidt<\/td>\n<\/tr>\n<tr>\n<td class=\"border_style_f\"><b>25<\/b><\/td>\n<td class=\"border_style_b\">United Kingdom<\/td>\n<td class=\"border_style_b\">United Kingdom<\/td>\n<td class=\"border_style_b\">What shall we do?<\/td>\n<\/tr>\n<\/tbody>\n<\/table>","protected":false},"excerpt":{"rendered":"<p><strong>Jos Wuytack<\/strong><br \/>\n<strong>Gra\u00e7a Boal Palheiros<\/strong><\/p>","protected":false},"featured_media":1752,"comment_status":"open","ping_status":"closed","template":"","meta":[],"product_cat":[23],"product_tag":[],"acf":[],"_links":{"self":[{"href":"https:\/\/awpm.pt\/en\/wp-json\/wp\/v2\/product\/420"}],"collection":[{"href":"https:\/\/awpm.pt\/en\/wp-json\/wp\/v2\/product"}],"about":[{"href":"https:\/\/awpm.pt\/en\/wp-json\/wp\/v2\/types\/product"}],"replies":[{"embeddable":true,"href":"https:\/\/awpm.pt\/en\/wp-json\/wp\/v2\/comments?post=420"}],"wp:featuredmedia":[{"embeddable":true,"href":"https:\/\/awpm.pt\/en\/wp-json\/wp\/v2\/media\/1752"}],"wp:attachment":[{"href":"https:\/\/awpm.pt\/en\/wp-json\/wp\/v2\/media?parent=420"}],"wp:term":[{"taxonomy":"product_cat","embeddable":true,"href":"https:\/\/awpm.pt\/en\/wp-json\/wp\/v2\/product_cat?post=420"},{"taxonomy":"product_tag","embeddable":true,"href":"https:\/\/awpm.pt\/en\/wp-json\/wp\/v2\/product_tag?post=420"}],"curies":[{"name":"wp","href":"https:\/\/api.w.org\/{rel}","templated":true}]}}