{"id":418,"date":"2022-03-11T15:08:05","date_gmt":"2022-03-11T15:08:05","guid":{"rendered":"https:\/\/awpm.pt\/?post_type=product&#038;p=418"},"modified":"2026-03-28T13:21:57","modified_gmt":"2026-03-28T13:21:57","slug":"2004-carmina-europea","status":"publish","type":"product","link":"https:\/\/awpm.pt\/en\/product\/2004-carmina-europea\/","title":{"rendered":"2004 \u2013 Carmina Europea"},"content":{"rendered":"<p><b>Adapta\u00e7\u00e3o inglesa<\/b><br \/>\nJos Wuytack<\/p>\n<p><b>Revis\u00e3o<\/b><br \/>\nJudy Sills<\/p>\n<p><b>Book<\/b>\u00a0Can\u00e7\u00f5es e dan\u00e7as tradicionais de 25 pa\u00edses da Uni\u00e3o Europeia, para vozes e instrumental Orff.<\/p>\n<p>O\u00a0<b>livro Carmina Europea<\/b> convida-nos a realizar uma viagem musical atrav\u00e9s dos 25 pa\u00edses que integravam a Uni\u00e3o Europeia em 2004. Cont\u00e9m can\u00e7\u00f5es e dan\u00e7as tradicionais, com um acompanhamento simples para flautas de bisel e instrumental Orff. Cada can\u00e7\u00e3o \u00e9 apresentada no idioma original, bem como numa vers\u00e3o adaptada para ingl\u00eas. Tamb\u00e9m se incluem uma dan\u00e7a caracter\u00edstica de cada pa\u00eds, com uma breve descri\u00e7\u00e3o e a nota\u00e7\u00e3o r\u00edtmica dos passos b\u00e1sicos. Este livro destina-se a alunos e professores dos ensinos b\u00e1sico e vocacional de m\u00fasica, bem como a grupos de jovens que utilizam o Instrumental Orff.<\/p>\n<p><b>Can\u00e7\u00f5es de 25 pa\u00edses da Uni\u00e3o Europeia<\/b><\/p>\n<table border=\"0\" width=\"534\" cellspacing=\"0\" cellpadding=\"0\" align=\"center\">\n<tbody>\n<tr>\n<td class=\"border_style_e\"><b>1<\/b><\/td>\n<td class=\"border_style_a\">Austria<\/td>\n<td class=\"border_style_a\">\u00d6sterreich<\/td>\n<td class=\"border_style_a\"><i>Die Hammaschmiedsgs\u00f6lln <i><\/i><\/i><\/td>\n<\/tr>\n<tr>\n<td class=\"border_style_f\"><b>2<\/b><\/td>\n<td class=\"border_style_a\">Belgium<\/td>\n<td class=\"border_style_a\">Belgi\u00eb<\/td>\n<td class=\"border_style_a\"><i>Maseurtje, ga je mee?<i><\/i><\/i><\/td>\n<\/tr>\n<tr>\n<td class=\"border_style_f\"><b>3<\/b><\/td>\n<td class=\"border_style_a\">Cyprus<\/td>\n<td class=\"border_style_a\">Kypros<\/td>\n<td class=\"border_style_a\"><i>Provatakia<i><\/i><\/i><\/td>\n<\/tr>\n<tr>\n<td class=\"border_style_f\"><b>4<\/b><\/td>\n<td class=\"border_style_a\">Czech Republic<\/td>\n<td class=\"border_style_a\">Cesk\u00e1 Republika<\/td>\n<td class=\"border_style_a\"><i>Netukej<i><\/i><\/i><\/td>\n<\/tr>\n<tr>\n<td class=\"border_style_f\"><b>5<\/b><\/td>\n<td class=\"border_style_a\">Denmark<\/td>\n<td class=\"border_style_a\">Danmark<\/td>\n<td class=\"border_style_a\"><i>Marken er mejet<i><\/i><\/i><\/td>\n<\/tr>\n<tr>\n<td class=\"border_style_f\"><b>6<\/b><\/td>\n<td class=\"border_style_a\">Estonia<\/td>\n<td class=\"border_style_a\">Eesti<\/td>\n<td class=\"border_style_a\"><i>Kikas \u00fctles kanale<i><\/i><\/i><\/td>\n<\/tr>\n<tr>\n<td class=\"border_style_f\"><b>7<\/b><\/td>\n<td class=\"border_style_a\">Finland<\/td>\n<td class=\"border_style_a\">Suomi<\/td>\n<td class=\"border_style_a\"><i>Palpa\u2019s Killy<i><\/i><\/i><\/td>\n<\/tr>\n<tr>\n<td class=\"border_style_f\"><b>8<\/b><\/td>\n<td class=\"border_style_a\">France<\/td>\n<td class=\"border_style_a\">France<\/td>\n<td class=\"border_style_a\"><i>Sur le pont d\u2019Avignon<i><\/i><\/i><\/td>\n<\/tr>\n<tr>\n<td class=\"border_style_f\"><b>9<\/b><\/td>\n<td class=\"border_style_a\">Germany<\/td>\n<td class=\"border_style_a\">Deutschland<\/td>\n<td class=\"border_style_a\"><i>Freut euch des Lebens<i><\/i><\/i><\/td>\n<\/tr>\n<tr>\n<td class=\"border_style_f\"><b>10<\/b><\/td>\n<td class=\"border_style_a\">Greece<\/td>\n<td class=\"border_style_a\">Ellada<\/td>\n<td class=\"border_style_a\"><i>M\u2019agapas<i><\/i><\/i><\/td>\n<\/tr>\n<tr>\n<td class=\"border_style_f\"><b>11<\/b><\/td>\n<td class=\"border_style_a\">Hungary<\/td>\n<td class=\"border_style_a\">Magyarorsz\u00e1g<\/td>\n<td class=\"border_style_a\"><i>Erik a ropog\u00f3s<i><\/i><\/i><\/td>\n<\/tr>\n<tr>\n<td class=\"border_style_f\"><b>12<\/b><\/td>\n<td class=\"border_style_a\">Ireland<\/td>\n<td class=\"border_style_a\">\u00c9ire<\/td>\n<td class=\"border_style_a\"><i>Thugamar f\u00e9in an samhradh linn<i><\/i><\/i><\/td>\n<\/tr>\n<tr>\n<td class=\"border_style_f\"><b>13<\/b><\/td>\n<td class=\"border_style_a\">Italy<\/td>\n<td class=\"border_style_a\">Italia<\/td>\n<td class=\"border_style_a\"><i>I maccheroni<i><\/i><\/i><\/td>\n<\/tr>\n<tr>\n<td class=\"border_style_f\"><b>14<\/b><\/td>\n<td class=\"border_style_a\">Latvia<\/td>\n<td class=\"border_style_a\">Latvija<\/td>\n<td class=\"border_style_a\"><i>Mugurdancis<i><\/i><\/i><\/td>\n<\/tr>\n<tr>\n<td class=\"border_style_f\"><b>15<\/b><\/td>\n<td class=\"border_style_a\">Lithuania<\/td>\n<td class=\"border_style_a\">Lietuva<\/td>\n<td class=\"border_style_a\"><i>Duda<i><\/i><\/i><\/td>\n<\/tr>\n<tr>\n<td class=\"border_style_f\"><b>16<\/b><\/td>\n<td class=\"border_style_a\">Luxembourg<\/td>\n<td class=\"border_style_a\">Luxembourg<\/td>\n<td class=\"border_style_a\"><i>Et wor a Meedchen zu G\u00ebtzen<i><\/i><\/i><\/td>\n<\/tr>\n<tr>\n<td class=\"border_style_f\"><b>17<\/b><\/td>\n<td class=\"border_style_a\">Malta<\/td>\n<td class=\"border_style_a\">Malta<\/td>\n<td class=\"border_style_a\"><i>Tiritomba<i><\/i><\/i><\/td>\n<\/tr>\n<tr>\n<td class=\"border_style_f\"><b>18<\/b><\/td>\n<td class=\"border_style_a\">Poland<\/td>\n<td class=\"border_style_a\">Polska<\/td>\n<td class=\"border_style_a\"><i>Maciek<i><\/i><\/i><\/td>\n<\/tr>\n<tr>\n<td class=\"border_style_f\"><b>19<\/b><\/td>\n<td class=\"border_style_a\">Portugal<\/td>\n<td class=\"border_style_a\">Portugal<\/td>\n<td class=\"border_style_a\"><i>Malh\u00e3o<i><\/i><\/i><\/td>\n<\/tr>\n<tr>\n<td class=\"border_style_f\"><b>20<\/b><\/td>\n<td class=\"border_style_a\">Slovakia<\/td>\n<td class=\"border_style_a\">Slovensko<\/td>\n<td class=\"border_style_a\"><i>Starej Breclavy<i><\/i><\/i><\/td>\n<\/tr>\n<tr>\n<td class=\"border_style_f\"><b>21<\/b><\/td>\n<td class=\"border_style_a\">Slovenia<\/td>\n<td class=\"border_style_a\">Slovenija<\/td>\n<td class=\"border_style_a\"><i>Na Gorenjsken je fletuo<i><\/i><\/i><\/td>\n<\/tr>\n<tr>\n<td class=\"border_style_f\"><b>22<\/b><\/td>\n<td class=\"border_style_a\">Spain<\/td>\n<td class=\"border_style_a\">Espa\u00f1a<\/td>\n<td class=\"border_style_a\"><i>Al lado de mi caba\u00f1a<i><\/i><\/i><\/td>\n<\/tr>\n<tr>\n<td class=\"border_style_f\"><b>23<\/b><\/td>\n<td class=\"border_style_a\">Sweden<\/td>\n<td class=\"border_style_a\">Sverige<\/td>\n<td class=\"border_style_a\"><i>Och flickan hon g\u00e5r i dansen<i><\/i><\/i><\/td>\n<\/tr>\n<tr>\n<td class=\"border_style_f\"><b>24<\/b><\/td>\n<td class=\"border_style_a\">The Netherlands<\/td>\n<td class=\"border_style_a\">Nederland<\/td>\n<td class=\"border_style_a\"><i>Als de grote klokke luidt<i><\/i><\/i><\/td>\n<\/tr>\n<tr>\n<td class=\"border_style_f\"><b>25<\/b><\/td>\n<td class=\"border_style_a\">United Kingdom<\/td>\n<td class=\"border_style_a\">United Kingdom<\/td>\n<td class=\"border_style_a\"><i>What shall we do?<i><\/i><\/i><\/td>\n<\/tr>\n<\/tbody>\n<\/table>","protected":false},"excerpt":{"rendered":"<p><strong>Jos Wuytack<\/strong><br \/>\n<strong>Gra\u00e7a Boal Palheiros<\/strong><\/p>","protected":false},"featured_media":1751,"comment_status":"open","ping_status":"closed","template":"","meta":[],"product_cat":[27],"product_tag":[],"acf":[],"_links":{"self":[{"href":"https:\/\/awpm.pt\/en\/wp-json\/wp\/v2\/product\/418"}],"collection":[{"href":"https:\/\/awpm.pt\/en\/wp-json\/wp\/v2\/product"}],"about":[{"href":"https:\/\/awpm.pt\/en\/wp-json\/wp\/v2\/types\/product"}],"replies":[{"embeddable":true,"href":"https:\/\/awpm.pt\/en\/wp-json\/wp\/v2\/comments?post=418"}],"wp:featuredmedia":[{"embeddable":true,"href":"https:\/\/awpm.pt\/en\/wp-json\/wp\/v2\/media\/1751"}],"wp:attachment":[{"href":"https:\/\/awpm.pt\/en\/wp-json\/wp\/v2\/media?parent=418"}],"wp:term":[{"taxonomy":"product_cat","embeddable":true,"href":"https:\/\/awpm.pt\/en\/wp-json\/wp\/v2\/product_cat?post=418"},{"taxonomy":"product_tag","embeddable":true,"href":"https:\/\/awpm.pt\/en\/wp-json\/wp\/v2\/product_tag?post=418"}],"curies":[{"name":"wp","href":"https:\/\/api.w.org\/{rel}","templated":true}]}}