{"id":397,"date":"2022-03-09T16:36:21","date_gmt":"2022-03-09T16:36:21","guid":{"rendered":"https:\/\/awpm.pt\/?post_type=product&#038;p=397"},"modified":"2026-03-28T13:19:43","modified_gmt":"2026-03-28T13:19:43","slug":"2002-cantar-o-natal-cantar-la-navidad","status":"publish","type":"product","link":"https:\/\/awpm.pt\/en\/product\/2002-cantar-o-natal-cantar-la-navidad\/","title":{"rendered":"2002 \u2013 Cantar o Natal \/ Cantar la Navidad (dois CD)"},"content":{"rendered":"<p><b>Interpreta\u00e7\u00e3o<\/b><br \/>\n<i>Coro e orquestra da Funda\u00e7\u00e3o Musical dos Amigos das Crian\u00e7as<\/i><\/p>\n<p><b>Maestro do coro<\/b><br \/>\nVitor Paiva<\/p>\n<p><b>Dire\u00e7\u00e3o<\/b><br \/>\nLeonardo de Barros<\/p>\n<p><b>CD<\/b>\u00a016 can\u00e7\u00f5es internacionais, uma cantata e 4 pe\u00e7as instrumentais, para coro e orquestra. Suite \u2018Sob a \u00e1rvore de Natal\u2019, para orquestra de cordas.<\/p>\n<p><b>CD<\/b>\u00a0vers\u00e3o instrumental das can\u00e7\u00f5es<\/p>\n<p>O\u00a0<b>CD Cantar o Natal \/ Cantar la Navidad<\/b>\u00a0cont\u00e9m vers\u00f5es das can\u00e7\u00f5es, da cantata e das pe\u00e7as do livro, orquestradas para coro, orquestra de cordas, flautas, obo\u00e9 e percuss\u00e3o, e ainda a suite \u2018Sob a \u00e1rvore de Natal\u2019, para orquestra de cordas. A suite foi dedicada pelo compositor ao maestro Leonardo de Barros e \u00e0 FMAC, como reconhecimento pelo entusiasmo e dedica\u00e7\u00e3o dos jovens int\u00e9rpretes e dos professores desta escola de m\u00fasica.<\/p>\n<p>A edi\u00e7\u00e3o simult\u00e2nea de um CD com a vers\u00e3o instrumental das can\u00e7\u00f5es, tem o objectivo de apoiar a sua interpreta\u00e7\u00e3o nas escolas, em particular, pelas crian\u00e7as mais pequenas, indo assim ao encontro do interesse manifestado por muitos educadores e professores.<\/p>\n<p><b>\u00cdndice do CD<\/b><\/p>\n<table border=\"0\" width=\"378\" cellspacing=\"0\" cellpadding=\"0\" align=\"center\">\n<colgroup>\n<col width=\"24\" \/>\n<col width=\"137\" \/>\n<col width=\"24\" \/>\n<col width=\"137\" \/><\/colgroup>\n<tbody>\n<tr valign=\"top\">\n<td class=\"border_style_e\"><b>\u00a0<\/b><\/td>\n<td class=\"border_style_a\"><b>Can\u00e7\u00f5es de Natal<\/b><\/td>\n<td class=\"border_style_a\"><b>\u00a0<\/b><\/td>\n<td class=\"border_style_c\"><b>Cantata de Natal<\/b><\/td>\n<\/tr>\n<tr valign=\"top\">\n<td class=\"border_style_f\"><b>1<\/b><\/td>\n<td class=\"border_style_b\">Er is een Kindeke [Flandres, B\u00e9lgica]<\/td>\n<td class=\"border_style_b\"><b>21<\/b><\/td>\n<td class=\"border_style_b\">I. O nascimento de Jesus<\/td>\n<\/tr>\n<tr valign=\"top\">\n<td class=\"border_style_f\"><b>2<\/b><\/td>\n<td class=\"border_style_b\">Entre le boeuf et l\u2019\u00e2ne gris [Fran\u00e7a]<\/td>\n<td class=\"border_style_b\"><b>\u00a0<\/b><\/td>\n<td class=\"border_style_b\">Linda noite de Natal<\/td>\n<\/tr>\n<tr valign=\"top\">\n<td class=\"border_style_f\"><b>3<\/b><\/td>\n<td class=\"border_style_b\">Melchior et Balthasar [Fran\u00e7a]<\/td>\n<td class=\"border_style_b\"><b>22<\/b><\/td>\n<td class=\"border_style_b\">II. O pres\u00e9pio<\/td>\n<\/tr>\n<tr valign=\"top\">\n<td class=\"border_style_f\"><b>4<\/b><\/td>\n<td class=\"border_style_b\">Ding, dong, merrily on high [Inglaterra]<\/td>\n<td class=\"border_style_b\"><b>\u00a0<\/b><\/td>\n<td class=\"border_style_b\">Bendito sejais<\/td>\n<\/tr>\n<tr valign=\"top\">\n<td class=\"border_style_f\"><b>5<\/b><\/td>\n<td class=\"border_style_b\">Pastorale em sol maior<\/td>\n<td class=\"border_style_b\"><b>23<\/b><\/td>\n<td class=\"border_style_b\">III. Os pastores<\/td>\n<\/tr>\n<tr valign=\"top\">\n<td class=\"border_style_f\"><b>6<\/b><\/td>\n<td class=\"border_style_b\">Ihr Kinderlein kommet [Alemanha]<\/td>\n<td class=\"border_style_b\"><b>\u00a0<\/b><\/td>\n<td class=\"border_style_b\">Pastorinhos do deserto<\/td>\n<\/tr>\n<tr valign=\"top\">\n<td class=\"border_style_f\"><b>7<\/b><\/td>\n<td class=\"border_style_b\">Tant\u00e1n, van por el desierto [Espanha]<\/td>\n<td class=\"border_style_b\"><b>24<\/b><\/td>\n<td class=\"border_style_b\">IV. Os reis<\/td>\n<\/tr>\n<tr valign=\"top\">\n<td class=\"border_style_f\"><b>8<\/b><\/td>\n<td class=\"border_style_b\">Er kwamen drie koningen [Flandres, B\u00e9lgica]<\/td>\n<td class=\"border_style_b\"><b>\u00a0<\/b><\/td>\n<td class=\"border_style_b\">Os tr\u00eas reis magos<\/td>\n<\/tr>\n<tr valign=\"top\">\n<td class=\"border_style_f\"><b>9<\/b><\/td>\n<td class=\"border_style_b\">In dulci jubilo [Alemanha]<\/td>\n<td class=\"border_style_b\"><b>\u00a0<\/b><\/td>\n<td class=\"border_style_b\"><\/td>\n<\/tr>\n<tr valign=\"top\">\n<td class=\"border_style_f\"><b>10<\/b><\/td>\n<td class=\"border_style_b\">Pastorale em f\u00e1 maior<\/td>\n<td class=\"border_style_b\"><b>\u00a0<\/b><\/td>\n<td class=\"border_style_b\"><b>Suite \u2018Sob a \u00e1rvore de Natal\u2019<\/b><\/td>\n<\/tr>\n<tr valign=\"top\">\n<td class=\"border_style_f\"><b>11<\/b><\/td>\n<td class=\"border_style_b\">O Tannenbaum [Alemanha]<\/td>\n<td class=\"border_style_b\"><b>25<\/b><\/td>\n<td class=\"border_style_b\">Marcha<\/td>\n<\/tr>\n<tr valign=\"top\">\n<td class=\"border_style_f\"><b>12<\/b><\/td>\n<td class=\"border_style_b\">Il est n\u00e9, le divin enfant [Fran\u00e7a]<\/td>\n<td class=\"border_style_b\"><b>\u00a0<\/b><\/td>\n<td class=\"border_style_b\">Soldadinhos de chumbo<\/td>\n<\/tr>\n<tr valign=\"top\">\n<td class=\"border_style_f\"><b>13<\/b><\/td>\n<td class=\"border_style_b\">San Jos\u00e9 [Espanha]<\/td>\n<td class=\"border_style_b\"><b>26<\/b><\/td>\n<td class=\"border_style_b\">Berceuse<\/td>\n<\/tr>\n<tr valign=\"top\">\n<td class=\"border_style_f\"><b>14<\/b><\/td>\n<td class=\"border_style_b\">Jingle bells [Estados Unidos]<\/td>\n<td class=\"border_style_b\"><b>\u00a0<\/b><\/td>\n<td class=\"border_style_b\">Barcos de papel<\/td>\n<\/tr>\n<tr valign=\"top\">\n<td class=\"border_style_f\"><b>15<\/b><\/td>\n<td class=\"border_style_b\">Pastorale em r\u00e9 menor<\/td>\n<td class=\"border_style_b\"><b>27<\/b><\/td>\n<td class=\"border_style_b\">Scherzo<\/td>\n<\/tr>\n<tr valign=\"top\">\n<td class=\"border_style_f\"><b>16<\/b><\/td>\n<td class=\"border_style_b\">The first No\u00ebl [Inglaterra]<\/td>\n<td class=\"border_style_b\"><b>\u00a0<\/b><\/td>\n<td class=\"border_style_b\">Bonecos de madeira<\/td>\n<\/tr>\n<tr valign=\"top\">\n<td class=\"border_style_f\"><b>17<\/b><\/td>\n<td class=\"border_style_b\">Bajad, pastores [Espanha]<\/td>\n<td class=\"border_style_b\"><b>28<\/b><\/td>\n<td class=\"border_style_b\">Serenade<\/td>\n<\/tr>\n<tr valign=\"top\">\n<td class=\"border_style_f\"><b>18<\/b><\/td>\n<td class=\"border_style_b\">Os tr\u00eas reis [A\u00e7ores, Portugal]<\/td>\n<td class=\"border_style_b\"><b>\u00a0<\/b><\/td>\n<td class=\"border_style_b\">L\u00e1pis de cor<\/td>\n<\/tr>\n<tr valign=\"top\">\n<td class=\"border_style_f\"><b>19<\/b><\/td>\n<td class=\"border_style_b\">O du fr\u00f6hliche [Alemanha]<\/td>\n<td class=\"border_style_b\"><b>29<\/b><\/td>\n<td class=\"border_style_b\">Galop<\/td>\n<\/tr>\n<tr valign=\"top\">\n<td class=\"border_style_f\"><b>20<\/b><\/td>\n<td class=\"border_style_b\">Pastorale em r\u00e9 maior<\/td>\n<td class=\"border_style_b\"><b>\u00a0<\/b><\/td>\n<td class=\"border_style_b\">Fantoches de peluche<\/td>\n<\/tr>\n<\/tbody>\n<\/table>","protected":false},"excerpt":{"rendered":"<p><strong>Jos Wuytack<\/strong><\/p>","protected":false},"featured_media":1750,"comment_status":"open","ping_status":"closed","template":"","meta":[],"product_cat":[23],"product_tag":[],"acf":[],"_links":{"self":[{"href":"https:\/\/awpm.pt\/en\/wp-json\/wp\/v2\/product\/397"}],"collection":[{"href":"https:\/\/awpm.pt\/en\/wp-json\/wp\/v2\/product"}],"about":[{"href":"https:\/\/awpm.pt\/en\/wp-json\/wp\/v2\/types\/product"}],"replies":[{"embeddable":true,"href":"https:\/\/awpm.pt\/en\/wp-json\/wp\/v2\/comments?post=397"}],"wp:featuredmedia":[{"embeddable":true,"href":"https:\/\/awpm.pt\/en\/wp-json\/wp\/v2\/media\/1750"}],"wp:attachment":[{"href":"https:\/\/awpm.pt\/en\/wp-json\/wp\/v2\/media?parent=397"}],"wp:term":[{"taxonomy":"product_cat","embeddable":true,"href":"https:\/\/awpm.pt\/en\/wp-json\/wp\/v2\/product_cat?post=397"},{"taxonomy":"product_tag","embeddable":true,"href":"https:\/\/awpm.pt\/en\/wp-json\/wp\/v2\/product_tag?post=397"}],"curies":[{"name":"wp","href":"https:\/\/api.w.org\/{rel}","templated":true}]}}