{"id":392,"date":"2022-03-09T15:30:52","date_gmt":"2022-03-09T15:30:52","guid":{"rendered":"https:\/\/awpm.pt\/?post_type=product&#038;p=392"},"modified":"2026-03-28T13:15:18","modified_gmt":"2026-03-28T13:15:18","slug":"2000-cantar-o-natal-cantar-la-navidad","status":"publish","type":"product","link":"https:\/\/awpm.pt\/en\/product\/2000-cantar-o-natal-cantar-la-navidad\/","title":{"rendered":"2000 \u2013 Cantar o Natal \/ Cantar la Navidad"},"content":{"rendered":"<p><b>Coordena\u00e7\u00e3o<\/b><br \/>\nGra\u00e7a Boal Palheiros<\/p>\n<p><b>Tradu\u00e7\u00e3o<\/b><br \/>\nFrancisco J. Faraldo<br \/>\nGra\u00e7a Boal Palheiros<\/p>\n<p><b>Illustration<\/b><br \/>\nManuela Bronze<\/p>\n<p><b>Book<\/b>\u00a016 can\u00e7\u00f5es internacionais, uma cantata e 4 pe\u00e7as instrumentais, para duas vozes e instrumental Orff.<\/p>\n<p>O livro Cantar o Natal \/ Cantar la Navidad tem dezasseis can\u00e7\u00f5es populares de Natal, provenientes de v\u00e1rios pa\u00edses, quatro pe\u00e7as instrumentais e uma cantata com melodias originais. As can\u00e7\u00f5es s\u00e3o harmonizadas para duas vozes iguais. Os arranjos para instrumental Orff, baseados em formas ostinato, t\u00eam um n\u00edvel de dificuldade m\u00e9dio, e as pe\u00e7as instrumentais, na forma Pastorale, permitem variar a interpreta\u00e7\u00e3o. As can\u00e7\u00f5es s\u00e3o apresentadas nos idiomas originais (ingl\u00eas, franc\u00eas, alem\u00e3o, neerland\u00eas, espanhol), e em vers\u00f5es traduzidas e adaptadas para portugu\u00eas e espanhol.<\/p>\n<p>A Cantata de Natal, para narrador, vozes e instrumental Orff, combina textos dos evangelhos com melodias sobre textos adaptados da poesia tradicional portuguesa. Pode ser interpretada em vers\u00e3o de concerto ou, se poss\u00edvel, em vers\u00e3o c\u00e9nica.<\/p>\n<p>O livro destina-se a alunos e professores do ensino b\u00e1sico e de escolas de m\u00fasica, bem como a grupos que utilizam o Instrumental Orff.<\/p>\n<p><b>\u00cdndice do livro<\/b><\/p>\n<table border=\"0\" width=\"350\" cellspacing=\"0\" cellpadding=\"0\" align=\"center\">\n<colgroup>\n<col width=\"50\" \/>\n<col width=\"300\" \/><\/colgroup>\n<tbody>\n<tr valign=\"top\">\n<td class=\"border_style_e\"><b>\u00a0<\/b><\/td>\n<td class=\"border_style_c\">Nota introdut\u00f3ria<\/td>\n<\/tr>\n<tr valign=\"top\">\n<td class=\"border_style_f\"><b>1-4<\/b><\/td>\n<td class=\"border_style_b\">Can\u00e7\u00f5es de Natal<\/td>\n<\/tr>\n<tr valign=\"top\">\n<td class=\"border_style_f\"><b>5<\/b><\/td>\n<td class=\"border_style_b\">Pastorale em sol maior<\/td>\n<\/tr>\n<tr valign=\"top\">\n<td class=\"border_style_f\"><b>6-9<\/b><\/td>\n<td class=\"border_style_b\">Can\u00e7\u00f5es de Natal<\/td>\n<\/tr>\n<tr valign=\"top\">\n<td class=\"border_style_f\"><b>10<\/b><\/td>\n<td class=\"border_style_b\">Pastorale em f\u00e1 maior<\/td>\n<\/tr>\n<tr valign=\"top\">\n<td class=\"border_style_f\"><b>11-14<\/b><\/td>\n<td class=\"border_style_b\">Can\u00e7\u00f5es de Natal<\/td>\n<\/tr>\n<tr valign=\"top\">\n<td class=\"border_style_f\"><b>15<\/b><\/td>\n<td class=\"border_style_b\">Pastorale em r\u00e9 menor<\/td>\n<\/tr>\n<tr valign=\"top\">\n<td class=\"border_style_f\"><b>16-19<\/b><\/td>\n<td class=\"border_style_b\">Can\u00e7\u00f5es de Natal<\/td>\n<\/tr>\n<tr valign=\"top\">\n<td class=\"border_style_f\"><b>20<\/b><\/td>\n<td class=\"border_style_b\">Pastorale em r\u00e9 maior<\/td>\n<\/tr>\n<tr valign=\"top\">\n<td class=\"border_style_f\"><b>\u00a0<\/b><\/td>\n<td class=\"border_style_b\">Cantata de Natal<\/td>\n<\/tr>\n<tr valign=\"top\">\n<td class=\"border_style_f\"><b>\u00a0<\/b><\/td>\n<td class=\"border_style_b\">S\u00edmbolos dos instrumentos<\/td>\n<\/tr>\n<tr valign=\"top\">\n<td class=\"border_style_f\"><b>\u00a0<\/b><\/td>\n<td class=\"border_style_b\">Bibliografia e refer\u00eancias<\/td>\n<\/tr>\n<\/tbody>\n<\/table>\n<p>&nbsp;<\/p>\n<table style=\"height: 314px;\" border=\"0\" width=\"351\" cellspacing=\"0\" cellpadding=\"0\" align=\"center\">\n<colgroup>\n<col width=\"50\" \/>\n<col width=\"300\" \/><\/colgroup>\n<tbody>\n<tr valign=\"top\">\n<td class=\"border_style_e\"><b>\u00a0<\/b><\/td>\n<td class=\"border_style_c\">Can\u00e7\u00f5es de Natal<\/td>\n<\/tr>\n<tr valign=\"top\">\n<td class=\"border_style_f\">1<\/td>\n<td class=\"border_style_b\">Er is een Kindeke<\/td>\n<td class=\"border_style_b\">Flandres, B\u00e9lgica<\/td>\n<\/tr>\n<tr valign=\"top\">\n<td class=\"border_style_f\">2<\/td>\n<td class=\"border_style_b\">Entre le boeuf et l\u2019 \u00e2ne gris<\/td>\n<td class=\"border_style_b\">Fran\u00e7a<\/td>\n<\/tr>\n<tr valign=\"top\">\n<td class=\"border_style_f\">3<\/td>\n<td class=\"border_style_b\">Melchior et Balthasar<\/td>\n<td class=\"border_style_b\">Fran\u00e7a<\/td>\n<\/tr>\n<tr valign=\"top\">\n<td class=\"border_style_f\">4<\/td>\n<td class=\"border_style_b\">Ding, dong, merrily in high<\/td>\n<td class=\"border_style_b\">Inglatera<\/td>\n<\/tr>\n<tr valign=\"top\">\n<td class=\"border_style_f\">5<\/td>\n<td class=\"border_style_b\">Pastorale em sol maior<\/td>\n<td class=\"border_style_b\">J.W.<\/td>\n<\/tr>\n<tr valign=\"top\">\n<td class=\"border_style_f\">6<\/td>\n<td class=\"border_style_b\">Ihr Kinderlein Kommet<\/td>\n<td class=\"border_style_b\">Alemanha<\/td>\n<\/tr>\n<tr valign=\"top\">\n<td class=\"border_style_f\">7<\/td>\n<td class=\"border_style_b\">Tant\u00e1n, van por el desierto<\/td>\n<td class=\"border_style_b\">Espanha<\/td>\n<\/tr>\n<tr valign=\"top\">\n<td class=\"border_style_f\">8<\/td>\n<td class=\"border_style_b\">Er kwamen drie Koningen<\/td>\n<td class=\"border_style_b\">Flandres, B\u00e9lgica<\/td>\n<\/tr>\n<tr valign=\"top\">\n<td class=\"border_style_f\">9<\/td>\n<td class=\"border_style_b\">In dulce junilo<\/td>\n<td class=\"border_style_b\">Alemanha<\/td>\n<\/tr>\n<tr valign=\"top\">\n<td class=\"border_style_f\">10<\/td>\n<td class=\"border_style_b\">Pastorale em f\u00e1 maior<\/td>\n<td class=\"border_style_b\">J.W.<\/td>\n<\/tr>\n<tr valign=\"top\">\n<td class=\"border_style_f\">11<\/td>\n<td class=\"border_style_b\">O Tannebaum<\/td>\n<td class=\"border_style_b\">Alemanha<\/td>\n<\/tr>\n<tr valign=\"top\">\n<td class=\"border_style_f\">12<\/td>\n<td class=\"border_style_b\">Il est n\u00e9, le divin enfant<\/td>\n<td class=\"border_style_b\">Fran\u00e7a<\/td>\n<\/tr>\n<tr valign=\"top\">\n<td class=\"border_style_f\">13<\/td>\n<td class=\"border_style_b\">San Jos\u00e9<\/td>\n<td class=\"border_style_b\">Espanha<\/td>\n<\/tr>\n<tr valign=\"top\">\n<td class=\"border_style_f\">14<\/td>\n<td class=\"border_style_b\">Jingke Bells<\/td>\n<td class=\"border_style_b\">Estados Unidos<\/td>\n<\/tr>\n<tr valign=\"top\">\n<td class=\"border_style_f\">15<\/td>\n<td class=\"border_style_b\">Pastorale em r\u00e9 menor<\/td>\n<td class=\"border_style_b\">J.W.<\/td>\n<\/tr>\n<tr valign=\"top\">\n<td class=\"border_style_f\">16<\/td>\n<td class=\"border_style_b\">The first Noel<\/td>\n<td class=\"border_style_b\">Inglaterra<\/td>\n<\/tr>\n<tr valign=\"top\">\n<td class=\"border_style_f\">17<\/td>\n<td class=\"border_style_b\">Bajad, pstores<\/td>\n<td class=\"border_style_b\">Espanha<\/td>\n<\/tr>\n<tr valign=\"top\">\n<td class=\"border_style_f\">18<\/td>\n<td class=\"border_style_b\">Os tr\u00eas Reis<\/td>\n<td class=\"border_style_b\">A\u00e7ores, Portugal<\/td>\n<\/tr>\n<tr valign=\"top\">\n<td class=\"border_style_f\">19<\/td>\n<td class=\"border_style_b\">O du fr\u00f6liche<\/td>\n<td class=\"border_style_b\">Alemanha<\/td>\n<\/tr>\n<tr valign=\"top\">\n<td class=\"border_style_f\">20<\/td>\n<td class=\"border_style_b\">Pastorale em r\u00e9 maior<\/td>\n<td class=\"border_style_b\">J.W.<\/td>\n<\/tr>\n<\/tbody>\n<\/table>","protected":false},"excerpt":{"rendered":"<p><strong>Jos Wuytack<\/strong><\/p>","protected":false},"featured_media":1748,"comment_status":"open","ping_status":"closed","template":"","meta":[],"product_cat":[27],"product_tag":[],"acf":[],"_links":{"self":[{"href":"https:\/\/awpm.pt\/en\/wp-json\/wp\/v2\/product\/392"}],"collection":[{"href":"https:\/\/awpm.pt\/en\/wp-json\/wp\/v2\/product"}],"about":[{"href":"https:\/\/awpm.pt\/en\/wp-json\/wp\/v2\/types\/product"}],"replies":[{"embeddable":true,"href":"https:\/\/awpm.pt\/en\/wp-json\/wp\/v2\/comments?post=392"}],"wp:featuredmedia":[{"embeddable":true,"href":"https:\/\/awpm.pt\/en\/wp-json\/wp\/v2\/media\/1748"}],"wp:attachment":[{"href":"https:\/\/awpm.pt\/en\/wp-json\/wp\/v2\/media?parent=392"}],"wp:term":[{"taxonomy":"product_cat","embeddable":true,"href":"https:\/\/awpm.pt\/en\/wp-json\/wp\/v2\/product_cat?post=392"},{"taxonomy":"product_tag","embeddable":true,"href":"https:\/\/awpm.pt\/en\/wp-json\/wp\/v2\/product_tag?post=392"}],"curies":[{"name":"wp","href":"https:\/\/api.w.org\/{rel}","templated":true}]}}