{"id":391,"date":"2022-03-09T15:19:14","date_gmt":"2022-03-09T15:19:14","guid":{"rendered":"https:\/\/awpm.pt\/?post_type=product&#038;p=391"},"modified":"2026-03-28T12:37:04","modified_gmt":"2026-03-28T12:37:04","slug":"1992-cancoes-de-mimar","status":"publish","type":"product","link":"https:\/\/awpm.pt\/en\/product\/1992-cancoes-de-mimar\/","title":{"rendered":"1992 &#8211; Can\u00e7\u00f5es de Mimar"},"content":{"rendered":"<p><b>Illustration<\/b><br \/>\nManuela Bronze<\/p>\n<p><b>Book<\/b>\u00a050 songs, motions, and instrumental accompaniment.<\/p>\n<p><b>CD<\/b>\u00a0<b>vol. 1<\/b>\u00a0and\u00a0<b>2<\/b>\u00a0accompaniment for Piano and Orff instruments.<\/p>\n<p>O\u00a0<b>livro<\/b>\u00a0tem 50 can\u00e7\u00f5es para crian\u00e7as, apresentadas segundo uma progress\u00e3o mel\u00f3dica (melodias de duas a sete notas), com acompanhamentos simples, para instrumental Orff. As sugest\u00f5es de m\u00edmica incluem frequentemente o jogo de substitui\u00e7\u00e3o das palavras por gestos, estrat\u00e9gia interessante para desenvolver a audi\u00e7\u00e3o interior, a mem\u00f3ria musical e a coordena\u00e7\u00e3o psico-motora.<\/p>\n<p>Os\u00a0 dois <b>CD<\/b> cont\u00e9m a grava\u00e7\u00e3o da interpreta\u00e7\u00e3o das can\u00e7\u00f5es e dos acompanhamentos, em piano e instrumental Orff.<\/p>\n<p>Esta obra \u00e9 especialmente destinada a educadores de inf\u00e2ncia, professores do 1\u00ba ciclo do ensino b\u00e1sico, e outros profissionais que trabalham com crian\u00e7as.<\/p>\n<p><b>\u00cdndice das can\u00e7\u00f5es<\/b><\/p>\n<table border=\"0\" width=\"378\" cellspacing=\"0\" cellpadding=\"0\" align=\"center\">\n<tbody>\n<tr valign=\"top\">\n<td class=\"border_style_e\"><b>1<\/b><\/td>\n<td class=\"border_style_a\">Bate, com as m\u00e3os<\/td>\n<td class=\"border_style_a\"><b>26<\/b><\/td>\n<td class=\"border_style_c\">Tenho um chupa-chupa<\/td>\n<\/tr>\n<tr valign=\"top\">\n<td class=\"border_style_f\"><b>2<\/b><\/td>\n<td class=\"border_style_b\">Pelo muro abaixo<\/td>\n<td class=\"border_style_f\"><b>27<\/b><\/td>\n<td class=\"border_style_b\">Contigo sonhei<\/td>\n<\/tr>\n<tr valign=\"top\">\n<td class=\"border_style_f\"><b>3<\/b><\/td>\n<td class=\"border_style_b\">Vira e gira<\/td>\n<td class=\"border_style_f\"><b>28<\/b><\/td>\n<td class=\"border_style_b\">O gatinho siam\u00eas<\/td>\n<\/tr>\n<tr valign=\"top\">\n<td class=\"border_style_f\"><b>4<\/b><\/td>\n<td class=\"border_style_b\">O meu tambor<\/td>\n<td class=\"border_style_b\"><b>29<\/b><\/td>\n<td class=\"border_style_b\">Andar,andar<\/td>\n<\/tr>\n<tr valign=\"top\">\n<td class=\"border_style_f\"><b>5<\/b><\/td>\n<td class=\"border_style_b\">A pitinha<\/td>\n<td class=\"border_style_f\"><b>30<\/b><\/td>\n<td class=\"border_style_b\">Tambolar\u00e3o<\/td>\n<\/tr>\n<tr valign=\"top\">\n<td class=\"border_style_f\"><b>6<\/b><\/td>\n<td class=\"border_style_b\">P\u00e3o e vinho<\/td>\n<td class=\"border_style_f\"><b>31<\/b><\/td>\n<td class=\"border_style_b\">O gato e o caracol<\/td>\n<\/tr>\n<tr valign=\"top\">\n<td class=\"border_style_f\"><b>7<\/b><\/td>\n<td class=\"border_style_b\">O Joaquim, Quim, Quim<\/td>\n<td class=\"border_style_f\"><b>32<\/b><\/td>\n<td class=\"border_style_b\">Borboleta colorida<\/td>\n<\/tr>\n<tr valign=\"top\">\n<td class=\"border_style_f\"><b>8<\/b><\/td>\n<td class=\"border_style_b\">M\u00e3o e p\u00e9<\/td>\n<td class=\"border_style_f\"><b>33<\/b><\/td>\n<td class=\"border_style_b\">O chimpanz\u00e9<\/td>\n<\/tr>\n<tr valign=\"top\">\n<td class=\"border_style_f\"><b>9<\/b><\/td>\n<td class=\"border_style_b\">O gatinho Nini<\/td>\n<td class=\"border_style_f\"><b>34<\/b><\/td>\n<td class=\"border_style_b\">Arre, burrinho<\/td>\n<\/tr>\n<tr valign=\"top\">\n<td class=\"border_style_f\"><b>10<\/b><\/td>\n<td class=\"border_style_b\">Vem bater o p\u00e9<\/td>\n<td class=\"border_style_f\"><b>35<\/b><\/td>\n<td class=\"border_style_b\">Tibuli<\/td>\n<\/tr>\n<tr valign=\"top\">\n<td class=\"border_style_f\"><b>11<\/b><\/td>\n<td class=\"border_style_b\">Tenho um nariz<\/td>\n<td class=\"border_style_f\"><b>36<\/b><\/td>\n<td class=\"border_style_b\">Tr\u00eas animais simp\u00e1ticos<\/td>\n<\/tr>\n<tr valign=\"top\">\n<td class=\"border_style_f\"><b>12<\/b><\/td>\n<td class=\"border_style_b\">Tchim, tchim, tchim<\/td>\n<td class=\"border_style_f\"><b>37<\/b><\/td>\n<td class=\"border_style_b\">A pomba<\/td>\n<\/tr>\n<tr valign=\"top\">\n<td class=\"border_style_f\"><b>13<\/b><\/td>\n<td class=\"border_style_b\">Eu vi o diabo<\/td>\n<td class=\"border_style_f\"><b>38<\/b><\/td>\n<td class=\"border_style_b\">Toca sempre assim<\/td>\n<\/tr>\n<tr valign=\"top\">\n<td class=\"border_style_f\"><b>14<\/b><\/td>\n<td class=\"border_style_b\">O chin\u00eas<\/td>\n<td class=\"border_style_f\"><b>39<\/b><\/td>\n<td class=\"border_style_b\">Um elefante que brame<\/td>\n<\/tr>\n<tr valign=\"top\">\n<td class=\"border_style_f\"><b>15<\/b><\/td>\n<td class=\"border_style_b\">O cangur\u00fa<\/td>\n<td class=\"border_style_f\"><b>40<\/b><\/td>\n<td class=\"border_style_b\">Quando eu estou contente<\/td>\n<\/tr>\n<tr valign=\"top\">\n<td class=\"border_style_f\"><b>16<\/b><\/td>\n<td class=\"border_style_b\">O cuco cantou<\/td>\n<td class=\"border_style_f\"><b>41<\/b><\/td>\n<td class=\"border_style_b\">Os anos do Jo\u00e3o<\/td>\n<\/tr>\n<tr valign=\"top\">\n<td class=\"border_style_f\"><b>17<\/b><\/td>\n<td class=\"border_style_b\">O Bucha e o Estica<\/td>\n<td class=\"border_style_f\"><b>42<\/b><\/td>\n<td class=\"border_style_b\">Numa roda dan\u00e7a<\/td>\n<\/tr>\n<tr valign=\"top\">\n<td class=\"border_style_f\"><b>18<\/b><\/td>\n<td class=\"border_style_b\">Lua, lua<\/td>\n<td class=\"border_style_f\"><b>43<\/b><\/td>\n<td class=\"border_style_b\">O macaquinho<\/td>\n<\/tr>\n<tr valign=\"top\">\n<td class=\"border_style_f\"><b>19<\/b><\/td>\n<td class=\"border_style_b\">Dois crocodilos<\/td>\n<td class=\"border_style_f\"><b>44<\/b><\/td>\n<td class=\"border_style_b\">O Miguel tem uma moto<\/td>\n<\/tr>\n<tr valign=\"top\">\n<td class=\"border_style_f\"><b>20<\/b><\/td>\n<td class=\"border_style_b\">O elefante e a formiga<\/td>\n<td class=\"border_style_f\"><b>45<\/b><\/td>\n<td class=\"border_style_b\">Cantar e dan\u00e7ar<\/td>\n<\/tr>\n<tr valign=\"top\">\n<td class=\"border_style_f\"><b>21<\/b><\/td>\n<td class=\"border_style_b\">O pato pateta<\/td>\n<td class=\"border_style_f\"><b>46<\/b><\/td>\n<td class=\"border_style_b\">Vou viajar<\/td>\n<\/tr>\n<tr valign=\"top\">\n<td class=\"border_style_f\"><b>22<\/b><\/td>\n<td class=\"border_style_b\">Pl\u00e3o, pl\u00e9m, plim<\/td>\n<td class=\"border_style_f\"><b>47<\/b><\/td>\n<td class=\"border_style_b\">Z\u00e9, o chimpanz\u00e9<\/td>\n<\/tr>\n<tr valign=\"top\">\n<td class=\"border_style_f\"><b>23<\/b><\/td>\n<td class=\"border_style_b\">Eva e Ad\u00e3o<\/td>\n<td class=\"border_style_f\"><b>48<\/b><\/td>\n<td class=\"border_style_b\">Tenho um p\u00e9 que dan\u00e7a<\/td>\n<\/tr>\n<tr valign=\"top\">\n<td class=\"border_style_f\"><b>24<\/b><\/td>\n<td class=\"border_style_b\">L\u00e1 no alto mar<\/td>\n<td class=\"border_style_f\"><b>49<\/b><\/td>\n<td class=\"border_style_b\">No jardim do tio<\/td>\n<\/tr>\n<tr valign=\"top\">\n<td class=\"border_style_f\"><b>25<\/b><\/td>\n<td class=\"border_style_b\">D\u00e1lia<\/td>\n<td class=\"border_style_f\"><b>50<\/b><\/td>\n<td class=\"border_style_b\">Eu sinto uma alegria<\/td>\n<\/tr>\n<\/tbody>\n<\/table>","protected":false},"excerpt":{"rendered":"<p><strong>Jos Wuytack<\/strong><br \/>\n<strong>Gra\u00e7a Boal Palheiros<\/strong><\/p>","protected":false},"featured_media":1743,"comment_status":"open","ping_status":"closed","template":"","meta":[],"product_cat":[21],"product_tag":[],"acf":[],"_links":{"self":[{"href":"https:\/\/awpm.pt\/en\/wp-json\/wp\/v2\/product\/391"}],"collection":[{"href":"https:\/\/awpm.pt\/en\/wp-json\/wp\/v2\/product"}],"about":[{"href":"https:\/\/awpm.pt\/en\/wp-json\/wp\/v2\/types\/product"}],"replies":[{"embeddable":true,"href":"https:\/\/awpm.pt\/en\/wp-json\/wp\/v2\/comments?post=391"}],"wp:featuredmedia":[{"embeddable":true,"href":"https:\/\/awpm.pt\/en\/wp-json\/wp\/v2\/media\/1743"}],"wp:attachment":[{"href":"https:\/\/awpm.pt\/en\/wp-json\/wp\/v2\/media?parent=391"}],"wp:term":[{"taxonomy":"product_cat","embeddable":true,"href":"https:\/\/awpm.pt\/en\/wp-json\/wp\/v2\/product_cat?post=391"},{"taxonomy":"product_tag","embeddable":true,"href":"https:\/\/awpm.pt\/en\/wp-json\/wp\/v2\/product_tag?post=391"}],"curies":[{"name":"wp","href":"https:\/\/api.w.org\/{rel}","templated":true}]}}