{"id":388,"date":"2022-03-09T15:11:42","date_gmt":"2022-03-09T15:11:42","guid":{"rendered":"https:\/\/awpm.pt\/?post_type=product&#038;p=388"},"modified":"2026-03-28T12:44:59","modified_gmt":"2026-03-28T12:44:59","slug":"1999-cancoes-tradicionais-portuguesas","status":"publish","type":"product","link":"https:\/\/awpm.pt\/en\/product\/1999-cancoes-tradicionais-portuguesas\/","title":{"rendered":"1999 \u2013 Can\u00e7\u00f5es Tradicionais Portuguesas"},"content":{"rendered":"<p><b>Interpreta\u00e7\u00e3o<\/b><br \/>\nCoro juvenil, coro de c\u00e2mara e orquestra<br \/>\nFunda\u00e7\u00e3o Musical dos Amigos das Crian\u00e7as<\/p>\n<p><b>Maestro do coro<\/b><br \/>\nVitor Paiva<\/p>\n<p><b>Direc\u00e7\u00e3o<\/b><br \/>\nLeonardo de Barros<\/p>\n<p><b>CD<\/b>\u00a021 can\u00e7\u00f5es para coro, instrumentos solistas e orquestra de cordas.<br \/>\n15 \u20ac<\/p>\n<p>O\u00a0<b>CD Can\u00e7\u00f5es Tradicionais Portuguesas<\/b>\u00a0cont\u00e9m as 21 can\u00e7\u00f5es do livro, orquestradas para coro, instrumentos solistas (piano, obo\u00e9 e flauta) e orquestra de cordas. A escolha das vers\u00f5es para a interpreta\u00e7\u00e3o das can\u00e7\u00f5es teve em linha de conta o car\u00e1cter mais fresco e leve de algumas (coro de vozes iguais) e o car\u00e1cter mais profundo e maduro de outras (coro de vozes mistas), para que a sequ\u00eancia da sua audi\u00e7\u00e3o se torne diversificada e interessante. A grava\u00e7\u00e3o do CD foi o primeiro projecto deste g\u00e9nero realizado pelos alunos e professores da Funda\u00e7\u00e3o Musical dos Amigos das Crian\u00e7as, escola de m\u00fasica lisboeta.<\/p>","protected":false},"excerpt":{"rendered":"<p><strong>Jos Wuytack<\/strong><\/p>","protected":false},"featured_media":1747,"comment_status":"open","ping_status":"closed","template":"","meta":[],"product_cat":[23],"product_tag":[],"acf":[],"_links":{"self":[{"href":"https:\/\/awpm.pt\/en\/wp-json\/wp\/v2\/product\/388"}],"collection":[{"href":"https:\/\/awpm.pt\/en\/wp-json\/wp\/v2\/product"}],"about":[{"href":"https:\/\/awpm.pt\/en\/wp-json\/wp\/v2\/types\/product"}],"replies":[{"embeddable":true,"href":"https:\/\/awpm.pt\/en\/wp-json\/wp\/v2\/comments?post=388"}],"wp:featuredmedia":[{"embeddable":true,"href":"https:\/\/awpm.pt\/en\/wp-json\/wp\/v2\/media\/1747"}],"wp:attachment":[{"href":"https:\/\/awpm.pt\/en\/wp-json\/wp\/v2\/media?parent=388"}],"wp:term":[{"taxonomy":"product_cat","embeddable":true,"href":"https:\/\/awpm.pt\/en\/wp-json\/wp\/v2\/product_cat?post=388"},{"taxonomy":"product_tag","embeddable":true,"href":"https:\/\/awpm.pt\/en\/wp-json\/wp\/v2\/product_tag?post=388"}],"curies":[{"name":"wp","href":"https:\/\/api.w.org\/{rel}","templated":true}]}}