{"id":385,"date":"2022-03-09T15:05:16","date_gmt":"2022-03-09T15:05:16","guid":{"rendered":"https:\/\/awpm.pt\/?post_type=product&#038;p=385"},"modified":"2026-03-28T12:42:57","modified_gmt":"2026-03-28T12:42:57","slug":"1998-cancoes-tradicionais-portuguesas","status":"publish","type":"product","link":"https:\/\/awpm.pt\/en\/product\/1998-cancoes-tradicionais-portuguesas\/","title":{"rendered":"1998 \u2013 Can\u00e7\u00f5es Tradicionais Portuguesas"},"content":{"rendered":"<p><b>Coordena\u00e7\u00e3o<\/b><br \/>\nGra\u00e7a Boal Palheiros<\/p>\n<p><b>Tradu\u00e7\u00e3o<\/b><br \/>\nFrancisco J. Faraldo<\/p>\n<p><b>Illustration<\/b><br \/>\nAc\u00e1cio de Carvalho<\/p>\n<p>O\u00a0<b>livro Can\u00e7\u00f5es Tradicionais Portuguesas<\/b>\u00a0tem 21 can\u00e7\u00f5es de v\u00e1rias regi\u00f5es do pa\u00eds, cujos temas abordam diversas facetas da vida humana, como o amor e a morte, o trabalho e o lazer: can\u00e7\u00f5es de embalar, de amor, de guerra, de trabalho, de festas e romarias. Incluem-se notas explicativas sobre a origem e caracter\u00edsticas das can\u00e7\u00f5es, e refer\u00eancias bibliogr\u00e1ficas. As can\u00e7\u00f5es est\u00e3o harmonizadas para coro de vozes iguais, coro de vozes mistas e acompanhamento instrumental (piano, flauta, clarinete).<\/p>\n<p>O livro \u00e9 dedicado a jovens e professores dos ensinos gen\u00e9rico e especializado de m\u00fasica, bem como a coros amadores. Com a tradu\u00e7\u00e3o e a adapta\u00e7\u00e3o destas can\u00e7\u00f5es para o idioma espanhol, pretende-se contribuir para divulgar a m\u00fasica tradicional portuguesa nos pa\u00edses de express\u00e3o castelhana.<\/p>\n<p><b>\u00cdndice das can\u00e7\u00f5es<\/b><\/p>\n<table border=\"0\" width=\"350\" cellspacing=\"0\" cellpadding=\"0\" align=\"center\">\n<colgroup>\n<col width=\"50\" \/>\n<col width=\"300\" \/><\/colgroup>\n<tbody>\n<tr valign=\"top\">\n<td class=\"border_style_e\"><b>1<\/b><\/td>\n<td class=\"border_style_a\">Dorme, dorme, meu menino<\/td>\n<\/tr>\n<tr valign=\"top\">\n<td class=\"border_style_f\"><b>2<\/b><\/td>\n<td class=\"border_style_b\">Azeitona cordovili<\/td>\n<\/tr>\n<tr valign=\"top\">\n<td class=\"border_style_f\"><b>3<\/b><\/td>\n<td class=\"border_style_b\">Mirandum se fue a la guerra<\/td>\n<\/tr>\n<tr valign=\"top\">\n<td class=\"border_style_f\"><b>4<\/b><\/td>\n<td class=\"border_style_b\">Este linho \u00e9 mourisco<\/td>\n<\/tr>\n<tr valign=\"top\">\n<td class=\"border_style_f\"><b>5<\/b><\/td>\n<td class=\"border_style_b\">A pastorinha<\/td>\n<\/tr>\n<tr valign=\"top\">\n<td class=\"border_style_f\"><b>6<\/b><\/td>\n<td class=\"border_style_b\">La \u00c7arandilhera<\/td>\n<\/tr>\n<tr valign=\"top\">\n<td class=\"border_style_f\"><b>7<\/b><\/td>\n<td class=\"border_style_b\">N\u00e3o se me d\u00e1 que vindimem<\/td>\n<\/tr>\n<tr valign=\"top\">\n<td class=\"border_style_f\"><b>8<\/b><\/td>\n<td class=\"border_style_b\">Os olhos da Marianita<\/td>\n<\/tr>\n<tr valign=\"top\">\n<td class=\"border_style_f\"><b>9<\/b><\/td>\n<td class=\"border_style_b\">Meu l\u00edrio roxo do campo<\/td>\n<\/tr>\n<tr valign=\"top\">\n<td class=\"border_style_f\"><b>10<\/b><\/td>\n<td class=\"border_style_b\">A moleirinha<\/td>\n<\/tr>\n<tr valign=\"top\">\n<td class=\"border_style_f\"><b>11<\/b><\/td>\n<td class=\"border_style_b\">Barqueiro<\/td>\n<\/tr>\n<tr valign=\"top\">\n<td class=\"border_style_f\"><b>12<\/b><\/td>\n<td class=\"border_style_b\">Trigueirinha<\/td>\n<\/tr>\n<tr valign=\"top\">\n<td class=\"border_style_f\"><b>13<\/b><\/td>\n<td class=\"border_style_b\">Dom Solidom<\/td>\n<\/tr>\n<tr valign=\"top\">\n<td class=\"border_style_f\"><b>14<\/b><\/td>\n<td class=\"border_style_b\">Rosa de Alexandria<\/td>\n<\/tr>\n<tr valign=\"top\">\n<td class=\"border_style_f\"><b>15<\/b><\/td>\n<td class=\"border_style_b\">Vira do Minho<\/td>\n<\/tr>\n<tr valign=\"top\">\n<td class=\"border_style_f\"><b>16<\/b><\/td>\n<td class=\"border_style_b\">Ora rouba, rouba<\/td>\n<\/tr>\n<tr valign=\"top\">\n<td class=\"border_style_f\"><b>17<\/b><\/td>\n<td class=\"border_style_b\">Chap\u00e9u novo<\/td>\n<\/tr>\n<tr valign=\"top\">\n<td class=\"border_style_f\"><b>18<\/b><\/td>\n<td class=\"border_style_b\">Tiro liro<\/td>\n<\/tr>\n<tr valign=\"top\">\n<td class=\"border_style_f\"><b>19<\/b><\/td>\n<td class=\"border_style_b\">\u00d3 rama da oliveira<\/td>\n<\/tr>\n<tr valign=\"top\">\n<td class=\"border_style_f\"><b>20<\/b><\/td>\n<td class=\"border_style_b\">Tia Anica<\/td>\n<\/tr>\n<tr valign=\"top\">\n<td class=\"border_style_f\"><b>21<\/b><\/td>\n<td class=\"border_style_b\">Regadinho<\/td>\n<\/tr>\n<\/tbody>\n<\/table>","protected":false},"excerpt":{"rendered":"<p><strong>Jos Wuytack<\/strong><\/p>","protected":false},"featured_media":1746,"comment_status":"open","ping_status":"closed","template":"","meta":[],"product_cat":[27],"product_tag":[],"acf":[],"_links":{"self":[{"href":"https:\/\/awpm.pt\/en\/wp-json\/wp\/v2\/product\/385"}],"collection":[{"href":"https:\/\/awpm.pt\/en\/wp-json\/wp\/v2\/product"}],"about":[{"href":"https:\/\/awpm.pt\/en\/wp-json\/wp\/v2\/types\/product"}],"replies":[{"embeddable":true,"href":"https:\/\/awpm.pt\/en\/wp-json\/wp\/v2\/comments?post=385"}],"wp:featuredmedia":[{"embeddable":true,"href":"https:\/\/awpm.pt\/en\/wp-json\/wp\/v2\/media\/1746"}],"wp:attachment":[{"href":"https:\/\/awpm.pt\/en\/wp-json\/wp\/v2\/media?parent=385"}],"wp:term":[{"taxonomy":"product_cat","embeddable":true,"href":"https:\/\/awpm.pt\/en\/wp-json\/wp\/v2\/product_cat?post=385"},{"taxonomy":"product_tag","embeddable":true,"href":"https:\/\/awpm.pt\/en\/wp-json\/wp\/v2\/product_tag?post=385"}],"curies":[{"name":"wp","href":"https:\/\/api.w.org\/{rel}","templated":true}]}}