{"id":271,"date":"2022-03-02T16:09:55","date_gmt":"2022-03-02T16:09:55","guid":{"rendered":"https:\/\/awpm.pt\/?post_type=product&#038;p=271"},"modified":"2026-03-28T18:07:58","modified_gmt":"2026-03-28T18:07:58","slug":"pedagogia-musical-2","status":"publish","type":"product","link":"https:\/\/awpm.pt\/en\/product\/pedagogia-musical-2\/","title":{"rendered":"2014 &#8211; Pedagogia Musical 2"},"content":{"rendered":"<p><strong>Book<\/strong><\/p>\n<p>Curso de Pedagogia Musical Wuytack &#8211; 2\u00ba Grau. Conte\u00fados: Ritmo, Escalas pentat\u00f3nicas, Improvisa\u00e7\u00e3o, Can\u00e7\u00f5es e dan\u00e7as tradicionais do mundo, Audi\u00e7\u00e3o musical, Princ\u00edpios pedag\u00f3gicos, Metodologia e Did\u00e1ctica.<\/p>\n<p><strong>Pedagogia Musical 2<\/strong> \u00c9 o segundo de um conjunto de cinco livros, com os conte\u00fados dos Cursos de Pedagogia Musical orientados por Jos Wuytack. O livro abrange os seguintes temas do Curso do 2\u00ba Grau: treino r\u00edtmico (imita\u00e7\u00e3o, pergunta-resposta, rond\u00e9), escalas pentat\u00f3nicas, improvisa\u00e7\u00e3o r\u00edtmica e mel\u00f3dica, pe\u00e7as para instrumental Orff, canto coral e movimento, can\u00e7\u00f5es e dan\u00e7as tradicionais do mundo, audi\u00e7\u00e3o musical activa com o musicograma, princ\u00edpios pedag\u00f3gicos, metodologia e did\u00e1ctica.<\/p>\n<p><strong>\u00cdndice<\/strong><\/p>\n<table border=\"0\" cellspacing=\"0\" cellpadding=\"0\" align=\"center\">\n<tbody>\n<tr>\n<td class=\"border_style_e\"><\/td>\n<td class=\"border_style_e\">S\u00edmbolos<\/td>\n<\/tr>\n<tr>\n<td class=\"border_style_f\"><\/td>\n<td class=\"border_style_f\">Instrumentos<\/td>\n<\/tr>\n<tr>\n<td class=\"border_style_f\"><strong>1<\/strong><\/td>\n<td class=\"border_style_f\">Primeira Sess\u00e3o<\/td>\n<\/tr>\n<tr>\n<td class=\"border_style_f\"><\/td>\n<td class=\"border_style_f\">Totalidade com qualidade<\/td>\n<\/tr>\n<tr>\n<td class=\"border_style_f\"><\/td>\n<td class=\"border_style_f\">Escala pentat\u00f3nica de F\u00e1<\/td>\n<\/tr>\n<tr>\n<td class=\"border_style_f\"><\/td>\n<td class=\"border_style_f\">Movimento em 2\/4 e 6\/8<\/td>\n<\/tr>\n<tr>\n<td class=\"border_style_f\"><\/td>\n<td class=\"border_style_f\">Escala pentat\u00f3nica de r\u00e9<\/td>\n<\/tr>\n<tr>\n<td class=\"border_style_f\"><\/td>\n<td class=\"border_style_f\">Cor de amor &#8211; Canto coral e movimento<\/td>\n<\/tr>\n<tr>\n<td class=\"border_style_f\"><strong>2<\/strong><\/td>\n<td class=\"border_style_f\">Segunda Sess\u00e3o<\/td>\n<\/tr>\n<tr>\n<td class=\"border_style_f\"><\/td>\n<td class=\"border_style_f\">Escala pentat\u00f3nica de Sol<\/td>\n<\/tr>\n<tr>\n<td class=\"border_style_f\"><\/td>\n<td class=\"border_style_f\">Sumo de ritmo<\/td>\n<\/tr>\n<tr>\n<td class=\"border_style_f\"><\/td>\n<td class=\"border_style_f\">Audi\u00e7\u00e3o Musical Activa<\/td>\n<\/tr>\n<tr>\n<td class=\"border_style_f\"><\/td>\n<td class=\"border_style_f\">Escala pentat\u00f3nica de mi<\/td>\n<\/tr>\n<tr>\n<td class=\"border_style_f\"><\/td>\n<td class=\"border_style_f\">Forma e movimento<\/td>\n<\/tr>\n<tr>\n<td class=\"border_style_f\"><strong>3<\/strong><\/td>\n<td class=\"border_style_f\">Terceira Sess\u00e3o<\/td>\n<\/tr>\n<tr>\n<td class=\"border_style_f\"><\/td>\n<td class=\"border_style_f\">Escala pentat\u00f3nica de D\u00f3<\/td>\n<\/tr>\n<tr>\n<td class=\"border_style_f\"><\/td>\n<td class=\"border_style_f\">Dram\u00e1tico, n\u00e3o fan\u00e1tico<\/td>\n<\/tr>\n<tr>\n<td class=\"border_style_f\"><\/td>\n<td class=\"border_style_f\">Movimento em 3\/4<\/td>\n<\/tr>\n<tr>\n<td class=\"border_style_f\"><\/td>\n<td class=\"border_style_f\">Escala pentat\u00f3nica de l\u00e1<\/td>\n<\/tr>\n<tr>\n<td class=\"border_style_f\"><\/td>\n<td class=\"border_style_f\">Gesto presto &#8211; Canto coral e movimento<\/td>\n<\/tr>\n<tr>\n<td class=\"border_style_f\"><strong>4<\/strong><\/td>\n<td class=\"border_style_f\">Quarta Sess\u00e3o<\/td>\n<\/tr>\n<tr>\n<td class=\"border_style_f\"><\/td>\n<td class=\"border_style_f\">ABC dos Princ\u00edpios Pedag\u00f3gicos<\/td>\n<\/tr>\n<tr>\n<td class=\"border_style_f\"><\/td>\n<td class=\"border_style_f\">Escalas pentat\u00f3nicas hemit\u00f3nicas e transpostas<\/td>\n<\/tr>\n<tr>\n<td class=\"border_style_f\"><\/td>\n<td class=\"border_style_f\">Dan\u00e7as infantis<\/td>\n<\/tr>\n<tr>\n<td class=\"border_style_f\"><strong>5<\/strong><\/td>\n<td class=\"border_style_f\">Quinta Sess\u00e3o<\/td>\n<\/tr>\n<tr>\n<td class=\"border_style_f\"><\/td>\n<td class=\"border_style_f\">Escalas pentat\u00f3nicas anhemit\u00f3nicas<\/td>\n<\/tr>\n<tr>\n<td class=\"border_style_f\"><\/td>\n<td class=\"border_style_f\">Montagem de uma pe\u00e7a instrumental &#8211; Bolero<\/td>\n<\/tr>\n<tr>\n<td class=\"border_style_f\"><\/td>\n<td class=\"border_style_f\">Final de Cristal &#8211; Canto coral e movimento<\/td>\n<\/tr>\n<tr>\n<td class=\"border_style_f\"><\/td>\n<td class=\"border_style_f\">Bibliografia de Jos Wuytack<\/td>\n<\/tr>\n<\/tbody>\n<\/table>","protected":false},"excerpt":{"rendered":"<p><strong>Jos Wuytack<\/strong><br \/>\n<strong>Gra\u00e7a Boal Palheiros<\/strong><\/p>\n<p>&nbsp;<\/p>","protected":false},"featured_media":1758,"comment_status":"open","ping_status":"closed","template":"","meta":[],"product_cat":[27],"product_tag":[],"acf":[],"_links":{"self":[{"href":"https:\/\/awpm.pt\/en\/wp-json\/wp\/v2\/product\/271"}],"collection":[{"href":"https:\/\/awpm.pt\/en\/wp-json\/wp\/v2\/product"}],"about":[{"href":"https:\/\/awpm.pt\/en\/wp-json\/wp\/v2\/types\/product"}],"replies":[{"embeddable":true,"href":"https:\/\/awpm.pt\/en\/wp-json\/wp\/v2\/comments?post=271"}],"wp:featuredmedia":[{"embeddable":true,"href":"https:\/\/awpm.pt\/en\/wp-json\/wp\/v2\/media\/1758"}],"wp:attachment":[{"href":"https:\/\/awpm.pt\/en\/wp-json\/wp\/v2\/media?parent=271"}],"wp:term":[{"taxonomy":"product_cat","embeddable":true,"href":"https:\/\/awpm.pt\/en\/wp-json\/wp\/v2\/product_cat?post=271"},{"taxonomy":"product_tag","embeddable":true,"href":"https:\/\/awpm.pt\/en\/wp-json\/wp\/v2\/product_tag?post=271"}],"curies":[{"name":"wp","href":"https:\/\/api.w.org\/{rel}","templated":true}]}}