{"id":265,"date":"2022-03-02T15:23:34","date_gmt":"2022-03-02T15:23:34","guid":{"rendered":"https:\/\/awpm.pt\/?post_type=product&#038;p=265"},"modified":"2026-03-28T18:04:16","modified_gmt":"2026-03-28T18:04:16","slug":"pedagogia-musica-1","status":"publish","type":"product","link":"https:\/\/awpm.pt\/en\/product\/pedagogia-musica-1\/","title":{"rendered":"2013 &#8211; Pedagogia Musical 1"},"content":{"rendered":"<p><strong>Book<\/strong><\/p>\n<p>Curso de Pedagogia Musical Wuytack &#8211; 1\u00ba Grau. Conte\u00fados: Treino r\u00edtmico, Progress\u00e3o mel\u00f3dica, Bord\u00e3o, Improvisa\u00e7\u00e3o, Canto coral, Audi\u00e7\u00e3o musical, Dan\u00e7as, Princ\u00edpios pedag\u00f3gicos, Metodologia e Did\u00e1ctica.<\/p>\n<p><strong>Pedagogia Musical 1<\/strong> \u00c9 o primeiro de um conjunto de cinco livros, com os conte\u00fados dos Cursos de Pedagogia Musical orientados por Jos Wuytack. Dedicado ao Curso do 1\u00ba Grau, o livro abrange os seguintes temas: treino r\u00edtmico (imita\u00e7\u00e3o, t\u00e9cnica de pergunta-resposta), progress\u00e3o mel\u00f3dica (da melodia bit\u00f3nica \u00e9 escala heptat\u00f3nica), improvisa\u00e7\u00e3o r\u00edtmica e mel\u00f3dica, instrumental Orff (timbres dos grupos de instrumentos), canto coral e movimento, dan\u00e7as folcl\u00f3ricas do mundo, audi\u00e7\u00e3o musical activa com o musicograma, princ\u00edpios pedag\u00f3gicos, metodologia e did\u00e1ctica.<\/p>\n<p><strong>\u00cdndice<\/strong><\/p>\n<table border=\"0\" cellspacing=\"0\" cellpadding=\"0\" align=\"center\">\n<tbody>\n<tr>\n<td class=\"border_style_e\">S\u00edmbolos<\/td>\n<\/tr>\n<tr>\n<td class=\"border_style_f\"><\/td>\n<td class=\"border_style_f\">Instrumentos<\/td>\n<\/tr>\n<tr>\n<td class=\"border_style_f\"><strong>1<\/strong><\/td>\n<td class=\"border_style_f\">Primeira Sess\u00e3o<\/td>\n<\/tr>\n<tr>\n<td class=\"border_style_f\"><\/td>\n<td class=\"border_style_f\">Vivo e Indutivo<\/td>\n<\/tr>\n<tr>\n<td class=\"border_style_f\"><\/td>\n<td class=\"border_style_f\">Imitar n\u00e3o \u00e9 limitar<\/td>\n<\/tr>\n<tr>\n<td class=\"border_style_f\"><\/td>\n<td class=\"border_style_f\">Movimento em 2\/4<\/td>\n<\/tr>\n<tr>\n<td class=\"border_style_f\"><\/td>\n<td class=\"border_style_f\">Fam\u00edlias de timbres &#8211; Instrumentos Orff<\/td>\n<\/tr>\n<tr>\n<td class=\"border_style_f\"><\/td>\n<td class=\"border_style_f\">Cantar e dan\u00e7ar &#8211; Canto coral e movimento<\/td>\n<\/tr>\n<tr>\n<td class=\"border_style_f\"><strong>2<\/strong><\/td>\n<td class=\"border_style_f\">Segunda Sess\u00e3o<\/td>\n<\/tr>\n<tr>\n<td class=\"border_style_f\"><\/td>\n<td class=\"border_style_f\">Progress\u00e3o mel\u00f3dica &#8211; Bit\u00f3nica, trit\u00f3nica, tetrat\u00f3nica, folcl\u00f3rica<\/td>\n<\/tr>\n<tr>\n<td class=\"border_style_f\"><\/td>\n<td class=\"border_style_f\">Quem n\u00e3o gosta da pergunta-respota<\/td>\n<\/tr>\n<tr>\n<td class=\"border_style_f\"><\/td>\n<td class=\"border_style_f\">Audi\u00e7\u00e3o com aten\u00e7\u00e3o &#8211; Audi\u00e7\u00e3o Musical Activa<\/td>\n<\/tr>\n<tr>\n<td class=\"border_style_f\"><\/td>\n<td class=\"border_style_f\">Progress\u00e3o mel\u00f3dica &#8211; Escala pentat\u00f3nica<\/td>\n<\/tr>\n<tr>\n<td class=\"border_style_f\"><\/td>\n<td class=\"border_style_f\">Movimento em 4\/4<\/td>\n<\/tr>\n<tr>\n<td class=\"border_style_f\"><strong>3<\/strong><\/td>\n<td class=\"border_style_f\">Terceira Sess\u00e3o<\/td>\n<\/tr>\n<tr>\n<td class=\"border_style_f\"><\/td>\n<td class=\"border_style_f\">Progress\u00e3o mel\u00f3dica &#8211; Escala hexat\u00f3nica<\/td>\n<\/tr>\n<tr>\n<td class=\"border_style_f\"><\/td>\n<td class=\"border_style_f\">Forma Rond\u00e9<\/td>\n<\/tr>\n<tr>\n<td class=\"border_style_f\"><\/td>\n<td class=\"border_style_f\">Movimento em 6\/8<\/td>\n<\/tr>\n<tr>\n<td class=\"border_style_f\"><\/td>\n<td class=\"border_style_f\">Acompanhamento de Bord\u00e3o<\/td>\n<\/tr>\n<tr>\n<td class=\"border_style_f\"><\/td>\n<td class=\"border_style_f\">Posi\u00e7\u00e3o da voz &#8211; Canto coral e movimento<\/td>\n<\/tr>\n<tr>\n<td class=\"border_style_f\"><strong>4<\/strong><\/td>\n<td class=\"border_style_f\">Quarta Sess\u00e3o<\/td>\n<\/tr>\n<tr>\n<td class=\"border_style_f\"><\/td>\n<td class=\"border_style_f\">Progress\u00e3o mel\u00f3dica &#8211; Escala heptat\u00f3nica<\/td>\n<\/tr>\n<tr>\n<td class=\"border_style_f\"><\/td>\n<td class=\"border_style_f\">Leitura da figura &#8211; Figuras r\u00edtmicas<\/td>\n<\/tr>\n<tr>\n<td class=\"border_style_f\"><\/td>\n<td class=\"border_style_f\">Escala de D\u00f3 Maior<\/td>\n<\/tr>\n<tr>\n<td class=\"border_style_f\"><\/td>\n<td class=\"border_style_f\">Dan\u00e7as folcl\u00f3ricas<\/td>\n<\/tr>\n<tr>\n<td class=\"border_style_f\"><strong>5<\/strong><\/td>\n<td class=\"border_style_f\">Quinta Sess\u00e3o<\/td>\n<\/tr>\n<tr>\n<td class=\"border_style_f\"><\/td>\n<td class=\"border_style_f\">Did\u00e1ctico e pr\u00e1tico &#8211; Princ\u00edpios pedag\u00f3gicos<\/td>\n<\/tr>\n<tr>\n<td class=\"border_style_f\"><\/td>\n<td class=\"border_style_f\">Criar e dan\u00e7ar &#8211; Improvisa\u00e7\u00e3o e dan\u00e7aas<\/td>\n<\/tr>\n<tr>\n<td class=\"border_style_f\"><\/td>\n<td class=\"border_style_f\">Final &#8211; Canto e movimento<\/td>\n<\/tr>\n<tr>\n<td class=\"border_style_f\"><\/td>\n<td class=\"border_style_f\">Bibliografia de Jos Wuytack<\/td>\n<\/tr>\n<\/tbody>\n<\/table>","protected":false},"excerpt":{"rendered":"<p><strong>Jos Wuytack<\/strong><br \/>\n<strong>Gra\u00e7a Boal Palheiros<\/strong><\/p>\n<p>&nbsp;<\/p>","protected":false},"featured_media":1756,"comment_status":"open","ping_status":"closed","template":"","meta":[],"product_cat":[27],"product_tag":[],"acf":[],"_links":{"self":[{"href":"https:\/\/awpm.pt\/en\/wp-json\/wp\/v2\/product\/265"}],"collection":[{"href":"https:\/\/awpm.pt\/en\/wp-json\/wp\/v2\/product"}],"about":[{"href":"https:\/\/awpm.pt\/en\/wp-json\/wp\/v2\/types\/product"}],"replies":[{"embeddable":true,"href":"https:\/\/awpm.pt\/en\/wp-json\/wp\/v2\/comments?post=265"}],"wp:featuredmedia":[{"embeddable":true,"href":"https:\/\/awpm.pt\/en\/wp-json\/wp\/v2\/media\/1756"}],"wp:attachment":[{"href":"https:\/\/awpm.pt\/en\/wp-json\/wp\/v2\/media?parent=265"}],"wp:term":[{"taxonomy":"product_cat","embeddable":true,"href":"https:\/\/awpm.pt\/en\/wp-json\/wp\/v2\/product_cat?post=265"},{"taxonomy":"product_tag","embeddable":true,"href":"https:\/\/awpm.pt\/en\/wp-json\/wp\/v2\/product_tag?post=265"}],"curies":[{"name":"wp","href":"https:\/\/api.w.org\/{rel}","templated":true}]}}