{"id":57,"date":"2022-02-17T12:00:23","date_gmt":"2022-02-17T12:00:23","guid":{"rendered":"https:\/\/awpm.pt\/?page_id=57"},"modified":"2022-03-18T09:41:04","modified_gmt":"2022-03-18T09:41:04","slug":"livros-e-partituras","status":"publish","type":"page","link":"https:\/\/awpm.pt\/en\/livros-e-partituras\/","title":{"rendered":"Books and Music scores"},"content":{"rendered":"<p><strong>ASSOCIA\u00c7\u00c3O WUYTACK DE PEDAGOGIA MUSICAL<\/strong><br>R. Amial, 556 &#8211; 10\u00baA &#8211; 4200-055 Porto, Portugal<\/p>\n\n\n\n<ul style=\"font-size:16px\"><li><em>Can\u00e7\u00f5es de Mimar<\/em>\u00a0(1992). Co-author Gra\u00e7a Boal Palheiros. 50 Children's songs with instrumental accompaniments, and motion (in Portuguese)<\/li><li><em>Audi\u00e7\u00e3o Musical Activa<\/em>\u00a0(1995). Co-author Gra\u00e7a Boal Palheiros. Teaching strategies and musicograms, for active music listening (in Portuguese)<\/li><li><em>Audici\u00f3n Musical Activa<\/em>\u00a0(1996). Co-author Gra\u00e7a Boal Palheiros. Teaching strategies and musicograms, for active music listening (in Spanish)<\/li><li><em>Can\u00e7\u00f5es Tradicionais Portuguesas<\/em>\u00a0(1998). 21 Portuguese traditional songs for Choir, Soloists and Piano (in Portuguese and Spanish)<\/li><li><em>Cantar o Natal<\/em>\u00a0(2000). 16 Christmas Songs and a Cantata, for Choir and Orff instruments (in Portuguese and Spanish)<\/li><li><em>Carmina Europea<\/em> (2004). Co-author Gra\u00e7a Boal Palheiros. Traditional songs and dances from 25 UE countries, for voice and Orff instruments (in English).<\/li><li><em>Perform the Form<\/em> (2011). Four pieces for recorders and Orff instruments.<\/li><li><em>Sing a Song, Play Along<\/em> (2011). Eight pieces for voice, recorders, and Orff instruments.<\/li><li><em>Pedagogia Musical 1<\/em> (2013). Co-autor Gra\u00e7a Boal Palheiros. Contents of the Music Pedagogy course \u2013 Level 1.<\/li><li><em>Pedagogia Musical 2<\/em> (2014). Co-autor Gra\u00e7a Boal Palheiros. Contents of the Music Pedagogy course \u2013 Level 2.<\/li><li><em>Pedagogia Musical 3<\/em> (2015). Co-autor Gra\u00e7a Boal Palheiros. Contents of the Music Pedagogy course \u2013 Level 3.<\/li><li><em>Audi\u00e7\u00e3o Musical Activa 2<\/em> (2016). Co-author Gra\u00e7a Boal Palheiros. Teaching strategies and musicograms for active music listening.<\/li><li><em>Pedagogia Musical 4<\/em> (2016). Co-author Gra\u00e7a Boal Palheiros. Contents of the Music Pedagogy course \u2013 Level 4.<\/li><li><em>Pedagogia Musical 5<\/em> (2017). Co-author Gra\u00e7a Boal Palheiros. Contents of the Music Pedagogy course \u2013 Level 5.<\/li><li><em>Pedagogia da Inicia\u00e7\u00e3o Musical <\/em>(2018). Co-author Gra\u00e7a Boal Palheiros. Contents of the course Pedagogy of Musical Initiation.<\/li><\/ul>\n\n\n\n<p><strong>UITGEVERIJ DE GARVE<\/strong><\/p>\n\n\n\n<ul style=\"font-size:16px\"><li><em>Musica. Vol. 1<\/em>&nbsp;(1972). Music Education for Secondary School (in Flemish).<\/li><li><em>Musica. Vol. 2<\/em>&nbsp;(1973). Music Education for Secondary School (in Flemish).<\/li><li><em>Musica. Vol. 3<\/em>&nbsp;(1974). Music Education for Secondary School (in Flemish).<\/li><li><em>Zing, Speel,Luister. Deel A. Vol. 1<\/em>&nbsp;(1982). Music Education for Secondary School (in Flemish).<\/li><li><em>Zing, Speel,Luister. Deel A. Vol. 2<\/em>&nbsp;(1984). Music Education for Secondary School (in Flemish).<\/li><li><em>Musicalia. Flauta<\/em>&nbsp;(1982). Method for Soprano Recorder (part 1).<\/li><li><em>Musicalia. Instrumental Orff<\/em>&nbsp;(1982). Pieces for Orff instruments (part 1)<\/li><li><em>Zing, Speel,Luister. Deel B<\/em>&nbsp;(1984). Method for Soprano Recorder (part 2).<\/li><li><em>Zing, Speel,Luister. Deel C<\/em>&nbsp;(1984). Pieces for Orff instruments (part 2)<\/li><li><em>Musicalia. Musicogramas. Vol. 1<\/em>&nbsp;(1982). Musicograms in Colour<\/li><li><em>Musicalia. Musicogramas. Vol. 2<\/em>&nbsp;(1984). 30 Musicograms in Colour<\/li><li><em>Musicorama. Vol. 1<\/em>&nbsp;(1992). Music Education for Junior High. Tape and Video (in Flemish)<\/li><li><em>Musicorama. Vol. 2<\/em>&nbsp;(1993). Music Education for Junior High. Tape and Video (in Flemish)<\/li><li><em>Musicorama. Vol. 3<\/em>&nbsp;(1995). Music Education for Junior High. Tape and Video (in Flemish)<\/li><li><em>Mimoza<\/em>&nbsp;(1995). 50 Children's Songs with motion (in Flemish)<\/li><\/ul>\n\n\n\n<p><strong>SCHOTT FR\u00c8RES<br><\/strong>Rue Saint-Jean, 30 &#8211; 1000 Bruxelles, B\u00e9lgica<\/p>\n\n\n\n<ul style=\"font-size:16px\"><li><em>Autour de l&#8217;Europe<\/em>&nbsp;(1979). European songs and dances with Orff instruments<\/li><li><em>Cantica Ballata<\/em>&nbsp;(1979). Choral songs and dances in the elementary style<\/li><li><em>Chansons et Danses pour l&#8217;Et\u00e9<\/em>&nbsp;(1976). Summer songs and dances with Orff instruments<\/li><li><em>Chansons et Danses pour l&#8217;Hiver<\/em>&nbsp;(1979). Winter songs and dances with Orff instruments<\/li><li><em>Choralia<\/em>&nbsp;(1973). Songs and Canons for small Choir<\/li><li><em>Dix Chansons Fran\u00e7aises<\/em>&nbsp;(1968). French folksongs with Orff instruments<\/li><li><em>Les Corporations. Vol. 1 e 2<\/em>&nbsp;(1977). Songs with Orff instruments<\/li><li><em>Missa Elementaria<\/em>&nbsp;(1972). Mass for Choir, Recorders, Orff instruments and Organ<\/li><li><em>Musique pour Enfants. Vol. I. Pentatonique<\/em>&nbsp;(1967). French adaptation of the Orff-Schulwerk<\/li><li><em>Musique pour Enfants. Vol. II. Majeur<\/em>&nbsp;(1969). French adaptation of the Orff-Schulwerk<\/li><li><em>Musique pour Enfants. Vol. III. Mineur<\/em>&nbsp;(1977).  French adaptation of the Orff-Schulwerk<\/li><li><em>Muziek voor Kinderen. Vol. III. Grote Terts<\/em>&nbsp;(1972). Flemish adaptation of the Orff-Schulwerk<\/li><li><em>Muziek voor Kinderen. Vol. IV. Kleine Terts<\/em>&nbsp;(1972). Flemish adaptation of the Orff-Schulwerk<\/li><li><em>Pentatonica<\/em>&nbsp;(1976). Pieces in Pentatonic with Orff instruments<\/li><li><em>Quasi una Sonata<\/em>&nbsp;(1979). Sonata for Orff instruments<\/li><li><em>Ronde des Animaux<\/em>&nbsp;(1977). Animal songs and dances with Orff instruments<\/li><li><em>Rondes et Comptines. Vol. 1 e 2<\/em>&nbsp;(1977). Songs and counting Rhymes with Orff instruments<\/li><li><em>Suite de Danzas Espa\u00f1olas<\/em>&nbsp;(1976). 4 Pieces for Orff instruments<\/li><li><em>Suite pour Saint-Nicolas<\/em>&nbsp;(1977). Suite for Orff instruments and String Orchestra<\/li><li><em>Treize Fois Bonheur<\/em>&nbsp;(1972). 13 Children's songs after poems by M. Car\u00eame<\/li><li><em>Trippoptac<\/em>&nbsp;(1973). 3 Pieces in the Pop Style for Orff instruments<\/li><li><em>Variations sur un Air de Danse Wallon<\/em>&nbsp;(1976). Variations for Recorders and Orff instruments<\/li><\/ul>\n\n\n\n<p><strong>UITGEVERIJ DE MONTE<\/strong><\/p>\n\n\n\n<ul style=\"font-size:16px\"><li><em>Actief Muziek Beluisteren<\/em>&nbsp;(1972). Teacher's Book. Musicograms (in Flemish)<\/li><li><em>Audition Musicale Active<\/em>&nbsp;(1974). Teacher's Book. Musicograms (in French)<\/li><\/ul>\n\n\n\n<p><strong>NEW SOUND &#8211; MUZIEKUITGEVERIJ XYZ<\/strong><br>Postbus 338 &#8211; 1400 AH Huizen, Holanda<\/p>\n\n\n\n<ul style=\"font-size:16px\"><li><em>Dansereye van Dood en Leven<\/em>&nbsp;(1966). Rondo, for Choir and Orff instruments<\/li><li><em>Humoresken<\/em>&nbsp;(1967). Small pieces in ABA form, for Orff instruments<\/li><li><em>Missa Activa<\/em>&nbsp;(1968). Mass, with Orff instruments<\/li><\/ul>\n\n\n\n<p><strong>\u00c9DITIONS MUSICALES ALPHONSE LEDUC<\/strong><br>Rue Saint-Honor\u00e9, 175 &#8211; 75040 Paris, Fran\u00e7a<\/p>\n\n\n\n<ul style=\"font-size:16px\"><li><em>Bolero<\/em>&nbsp;(1968). Orchestration \"per augmentationem\", for Recorders and Orff instruments<\/li><li><em>Cantare et Sonare<\/em>&nbsp;(1969).13 French folksongs, with Recorders and Orff instruments<\/li><li><em>Carol \u00e0 la Mode<\/em>&nbsp;(1987). For Recorder ensemble and small percussion<\/li><li><em>Colores<\/em>&nbsp;(1968). 6 Pieces for Recorders and Orff instruments<\/li><li><em>Danza Carnavalito<\/em>&nbsp;(1972). Carnival Dance for Recorders and Orff instruments<\/li><li><em>Danses en Triple<\/em>&nbsp;(1972). 3 Pieces for Recorders, Guitar and Orff instruments<\/li><li><em>Deux Suites: Modale, Grecque<\/em>&nbsp;(1972). For Recorder Trio, and Quartet and percussion<em>Joy: Play, Sing, Dance<\/em>&nbsp;(1972). Pequenas dan\u00e7as americanas.<\/li><li><em>Lamelou<\/em>&nbsp;(1970). Easy songs and canons for vocal training<\/li><li>M<em>elancholic Memphis Memo<\/em>&nbsp;(1974). Suite for Recorder Quartet<\/li><li><em>Mini-variations G\u00e9ographiques sur &#8220;Se Canto&#8221;<\/em>&nbsp;(1984). Variations on a French folksong.<\/li><li><em>Modalladom<\/em>&nbsp;(1987). Modal Dance Suite for Orff instruments.<\/li><li><em>Musica Viva I. Sonnez&#8230;Battez<\/em>&nbsp;(1970). Theory and practice of the Orff instruments.<\/li><li><em>Musica Viva I. Sound&#8230;Beat<\/em>&nbsp;(19709. English adaptation<\/li><li><em>Musica Viva II. Expression Rythmique<\/em>&nbsp;(1982). Teoria e pr\u00e1tica do ritmo.<\/li><li><em>Polyvitamines ABA<\/em>&nbsp;(1970). Pequenas pe\u00e7as instrumentais em forma ABA.<\/li><li><em>Variations Intercontinentales sur &#8220;Au Clair de la Lune&#8221;<\/em>&nbsp;(1984). Variations on a French folksong<\/li><li><em>Variations sur un Air de Pendule<\/em>&nbsp;(1970) Variations on the Westminster tune, for Recorders and Orff instruments.<\/li><li><em>Variations sur &#8220;Orientis Partibus&#8221;<\/em>&nbsp;(1987). Historic Variations on a Gregorian Hymn, for Recorder ensemble and small percussion<\/li><\/ul>\n\n\n\n<p><strong>\u00c9DITIONS \u00c0 COEUR JOIE<\/strong><br>21, Rue Ste. Genevi\u00e8ve &#8211; 69006 Lyon, Fran\u00e7a<\/p>\n\n\n\n<ul style=\"font-size:16px\"><li><em>Le Jeu de No\u00e9<\/em>&nbsp;(1982). Rondo, for Choir and Orff instruments<\/li><\/ul>\n\n\n\n<p><strong>DURAND EDITIONS MUSICALES<\/strong><br>2-4 Place de la Bourse, 75002 Paris, Fran\u00e7a<\/p>\n\n\n\n<ul style=\"font-size:16px\"><li><em>Bouquet de Chansons Enfantines<\/em>&nbsp;(1979). Children's songs from different countries<\/li><li><em>Chansons \u00e0 Danser et \u00e0 Mimer<\/em>&nbsp;(1980). 50 Children's songs with motion (in French)<\/li><\/ul>\n\n\n\n<p><strong>MUSIQUE<\/strong> <strong>ET CULTURE<\/strong><\/p>\n\n\n\n<ul style=\"font-size:16px\"><li><em>Dr\u00f4le de Coq<\/em>&nbsp;(1988). 50 Children's songs with motion (in French)<\/li><\/ul>\n\n\n\n<p><strong>REAL MUSICAL<\/strong><br>C\/ Chile,8 &#8211; 2\u00aa Planta (Edif\u00edcio Azasol) &#8211; 28290 Las Matas (Madrid), Espanha<\/p>\n\n\n\n<ul style=\"font-size:16px\"><li><em>Cantar y Descansar<\/em>&nbsp;(1992). 50 Children's songs with motion (in Spanish)<\/li><\/ul>\n\n\n\n<p><strong>NAU LLIBRES<\/strong><br>C\/ Periodista Bad\u00eda, 10 &#8211; 46010 Valencia, Espanha<\/p>\n\n\n\n<ul style=\"font-size:16px\"><li><em>Cantando, Bailando<\/em>&nbsp;(1993). 55 Children's songs with motion (in Spanish)<\/li><\/ul>\n\n\n\n<p><strong>COCK-A-DOODLE TUNES<\/strong><br>Box 311, Cordova &#8211; Tennessee 38018, Estados Unidos<\/p>\n\n\n\n<ul style=\"font-size:16px\"><li><em>The Ark of Noah<\/em>&nbsp;(1982). Cantata for Soloists, Choir, Recorders, Orff Instruments and Movement<\/li><\/ul>\n\n\n\n<p><strong>MUSIC INNOVATIONS<\/strong><br>Box One, Allison Park &#8211; Pennsylvania 15101, Estados Unidos<\/p>\n\n\n\n<ul style=\"font-size:16px\"><li><em>A Christmas Cantata<\/em>&nbsp;(1991). Cantata for Choir, Recorders, Orff instruments and Movement (in English<\/li><\/ul>\n\n\n\n<p><strong>SCHOTT MUSIC CORPORATION<\/strong><br>New York, Estados Unidos<\/p>\n\n\n\n<ul style=\"font-size:16px\"><li><em>Musica Activa. An approach to music education<\/em>&nbsp;(1994). Adaptation of Musica Viva I INSTRUMENTS Co-author J. Sills.<\/li><\/ul>\n\n\n\n<p><strong>ST. JOHN\u2019S MUSIC<\/strong><br>1570, Church Avenue, Winnipeg, Manitoba R2X 1G8, Canad\u00e1<\/p>\n\n\n\n<ul style=\"font-size:16px\"><li><em>55 x Funtastic<\/em>&nbsp;(1993). 55 Children's songs with motion (in English<\/li><li><em>Can you Canon?<\/em>&nbsp;(1994). 55 C\u00e2nones de 3 a 6 vozes.<\/li><\/ul>\n\n\n\n<p><strong>MCCM Music Printers and Publishers<\/strong><br>7021, 11 Ave., Edmonton &#8211; AB T6K 3M6, Canad\u00e1<\/p>\n\n\n\n<ul style=\"font-size:16px\"><li><em>Adanaco<\/em>&nbsp;(1992). Suite for SAAT Recorders.<\/li><li><em>Historic Roots<\/em>&nbsp;(1992). Varia\u00e7\u00f5es sobre uma can\u00e7\u00e3o flamenga, para flautas.<\/li><li><em>Octoplus<\/em>&nbsp;(1992). Method for soprano recorder<\/li><\/ul>\n\n\n\n<p><strong>OLIVER MUSIC COMPANY<\/strong><br>10808, 124 Street, Edmonton &#8211; AB T5M 0H4, Canad\u00e1<\/p>\n\n\n\n<ul style=\"font-size:16px\"><li><em>Starting Soprano Recorder. Book 1<\/em>&nbsp;(1995). Pieces for Soprano Recorder<\/li><li><em>Amusing Alto Recorder. Book 2<\/em>&nbsp;(1995). Pieces for Alto Recorder.<\/li><li><em>4 in a Row. Such an Amusing Tactful Band. Book 3<\/em>&nbsp;(1995). Pieces for Recorder Quartet<\/li><\/ul>","protected":false},"excerpt":{"rendered":"<p>ASSOCIA\u00c7\u00c3O WUYTACK DE PEDAGOGIA MUSICALR. Amial, 556 &#8211; 10\u00baA &#8211; 4200-055 Porto, Portugal Can\u00e7\u00f5es de Mimar\u00a0(1992). Co-autora Gra\u00e7a Boal Palheiros. 50 can\u00e7\u00f5es com acompanhamento e m\u00edmica. Audi\u00e7\u00e3o Musical Activa\u00a0(1995). Co-autora Gra\u00e7a Boal Palheiros. Metodologias e musicogramas. Audici\u00f3n Musical Activa\u00a0(1996). Co-autora Gra\u00e7a Boal Palheiros. Edi\u00e7\u00e3o espanhola. Can\u00e7\u00f5es Tradicionais Portuguesas\u00a0(1998). 21 can\u00e7\u00f5es para coro de vozes iguais [&hellip;]<\/p>","protected":false},"author":1,"featured_media":0,"parent":0,"menu_order":0,"comment_status":"closed","ping_status":"closed","template":"","meta":[],"acf":[],"_links":{"self":[{"href":"https:\/\/awpm.pt\/en\/wp-json\/wp\/v2\/pages\/57"}],"collection":[{"href":"https:\/\/awpm.pt\/en\/wp-json\/wp\/v2\/pages"}],"about":[{"href":"https:\/\/awpm.pt\/en\/wp-json\/wp\/v2\/types\/page"}],"author":[{"embeddable":true,"href":"https:\/\/awpm.pt\/en\/wp-json\/wp\/v2\/users\/1"}],"replies":[{"embeddable":true,"href":"https:\/\/awpm.pt\/en\/wp-json\/wp\/v2\/comments?post=57"}],"version-history":[{"count":6,"href":"https:\/\/awpm.pt\/en\/wp-json\/wp\/v2\/pages\/57\/revisions"}],"predecessor-version":[{"id":620,"href":"https:\/\/awpm.pt\/en\/wp-json\/wp\/v2\/pages\/57\/revisions\/620"}],"wp:attachment":[{"href":"https:\/\/awpm.pt\/en\/wp-json\/wp\/v2\/media?parent=57"}],"curies":[{"name":"wp","href":"https:\/\/api.w.org\/{rel}","templated":true}]}}