{"id":56,"date":"2022-02-17T12:00:23","date_gmt":"2022-02-17T12:00:23","guid":{"rendered":"https:\/\/awpm.pt\/?page_id=56"},"modified":"2026-04-17T09:50:27","modified_gmt":"2026-04-17T09:50:27","slug":"artigos","status":"publish","type":"page","link":"https:\/\/awpm.pt\/en\/artigos\/","title":{"rendered":"Articles"},"content":{"rendered":"<div class=\"vc_row wpb_row vc_row-fluid\"><div class=\"wpb_column vc_column_container vc_col-sm-12\"><div class=\"vc_column-inner\"><div class=\"wpb_wrapper\">\n\t<div class=\"wpb_text_column wpb_content_element\" >\n\t\t<div class=\"wpb_wrapper\">\n\t\t\t<p><strong>Articles by Jos Wuytack<\/strong><\/p>\n<figure class=\"wp-block-table\">\n<table>\n<tbody>\n<tr>\n<td>Bij het heengaan van M. Andries<\/td>\n<td>1965<\/td>\n<td><em>Adem<\/em>, 1e jg., n\u00ba1<\/td>\n<\/tr>\n<tr>\n<td>Gregoriaans als pedagogisch hulpmiddel<\/td>\n<td>1968<\/td>\n<td><em>Adem<\/em>, 4e jg., n\u00ba1<\/td>\n<\/tr>\n<tr>\n<td>Inde voetsporen van C. Orff<\/td>\n<td>1968<\/td>\n<td><em>Platen Kiezen<\/em>, 2e jg., n\u00ba2<\/td>\n<\/tr>\n<tr>\n<td>Muziekpedagogie van Kleuterschool tot Universiteit<\/td>\n<td>1969<\/td>\n<td><em>Adem<\/em>, 5e jg., n\u00ba1<\/td>\n<\/tr>\n<tr>\n<td>Waarom Orff Instrumenten?<\/td>\n<td>1969<\/td>\n<td><em>Adem<\/em>, 5e jg., n\u00ba3<\/td>\n<\/tr>\n<tr>\n<td>Het Nederlandse Kerstlied uit de bloeiperiode<\/td>\n<td>1969<\/td>\n<td><em>Adem<\/em>, 5e jg., n\u00ba5<\/td>\n<\/tr>\n<tr>\n<td>Het kinderlied als pedagogisch hulpmiddel<\/td>\n<td>1970<\/td>\n<td><em>Adem<\/em>, 6e jg., n\u00ba1<\/td>\n<\/tr>\n<tr>\n<td>Voorof tegen een Muziekspecialist in het basisonderwijs<\/td>\n<td>1970<\/td>\n<td><em>Adem<\/em>, 6e jg., n\u00ba3<\/td>\n<\/tr>\n<tr>\n<td>Elementaire Begeleiding met Orff Instrumenten<\/td>\n<td>1971<\/td>\n<td><em>Adem<\/em>, 7e jg., n\u00ba1<\/td>\n<\/tr>\n<tr>\n<td>Wat is een Bourdon?<\/td>\n<td>1971<\/td>\n<td><em>Adem<\/em>, 7e jg., n\u00ba2<\/td>\n<\/tr>\n<tr>\n<td>Activatiemiddelen bij het Muziekbeluisteren<\/td>\n<td>1971<\/td>\n<td><em>Adem<\/em>, 7e jg., n\u00ba3<\/td>\n<\/tr>\n<tr>\n<td>Orff-Schulwerk, bron van Moderne Muziekopvoeding<\/td>\n<td>1971<\/td>\n<td><em>Tijdschrift voor Opvoedkunde<\/em>, 17e jg. n\u00ba6<\/td>\n<\/tr>\n<tr>\n<td>Vrijheid en Leiding bij het Creatief Musiceren<\/td>\n<td>1973<\/td>\n<td><em>Adem<\/em>, 9e jg., n\u00ba1<\/td>\n<\/tr>\n<tr>\n<td>Beschouwingen bij een Amerikaans Congress: AOSA<\/td>\n<td>1973<\/td>\n<td><em>Adem<\/em>, 9e jg., n\u00ba3<\/td>\n<\/tr>\n<tr>\n<td>Het Musicogram<\/td>\n<td>1975<\/td>\n<td><em>Adem<\/em>, 11e jg., n\u00ba1<\/td>\n<\/tr>\n<tr>\n<td>Pedagogische ideen van M. Andries<\/td>\n<td>1979<\/td>\n<td><em>Adem<\/em>, 15e jg., n\u00ba4<\/td>\n<\/tr>\n<tr>\n<td>In Memoriam C. Orff<\/td>\n<td>1982<\/td>\n<td><em>Adem<\/em>, 18e jg., n\u00ba1<\/td>\n<\/tr>\n<tr>\n<td>Het Picturale als activatiemiddel bij het Muziekbeluisteren<\/td>\n<td>1984<\/td>\n<td><em>Adem<\/em>, 20e jg., n\u00ba1<\/td>\n<\/tr>\n<tr>\n<td>Het zuiderse temperament bij Muziekbeluisteren<\/td>\n<td>1986<\/td>\n<td><em>Adem<\/em>, 22e jg., n\u00ba2<\/td>\n<\/tr>\n<tr>\n<td>Stilte en Leven, Ernst en Leute, Luisteren en doen&#8230;<\/td>\n<td>1987<\/td>\n<td><em>Adem<\/em>, 23e jg., n\u00ba3<\/td>\n<\/tr>\n<tr>\n<td>Fiche biographique de Jos Wuytack<\/td>\n<td>1989<\/td>\n<td><em>Musique et Culture<\/em>, S\u00e9rie 34, n\u00ba3<\/td>\n<\/tr>\n<tr>\n<td>Fiche analytique des \u0153uvres Bolero et Danses Espagnoles, de Jos Wuytack<\/td>\n<td>1989<\/td>\n<td><em>Musique et Culture<\/em>, S\u00e9rie 34, n\u00ba3<\/td>\n<\/tr>\n<tr>\n<td>Fiche pratique sur l&#8217;Audition Musicale Active.<br \/>Fiche d\u2019application d&#8217;Audition Musicale Active \u00e0 l&#8217;Ecole<\/td>\n<td>1989<\/td>\n<td><em>Musique et Culture<\/em>, S\u00e9rie 34, n\u00ba3<\/td>\n<\/tr>\n<tr>\n<td>Muziekpedagogen zijn ook kunstenaars<\/td>\n<td>1990<\/td>\n<td><em>Adem<\/em>, 26e jg., n\u00ba4<\/td>\n<\/tr>\n<tr>\n<td>Moeten we Carl Orff&#8217;s idee\u00ebn herzien?<\/td>\n<td>1992<\/td>\n<td><em>MusicerendeJeugd<\/em>, 13e jg., n\u00ba 51<\/td>\n<\/tr>\n<tr>\n<td><a href=\"http:\/\/www.awpm.pt\/docs\/ArtJW_MusicayEducacion.pdf\" target=\"_blank\" rel=\"noreferrer noopener\">Puesta al dia de las ideas educativas de Carl Orff<\/a><\/td>\n<td>1992<\/td>\n<td><em>M\u00fasica y Educaci\u00f3n<\/em>, Ano V, 3, n\u00ba 11, 11-22.<\/td>\n<\/tr>\n<tr>\n<td><a href=\"https:\/\/awpm.pt\/wp-content\/uploads\/2026\/03\/Wuytack_Ostinato_1993.pdf\">Updating Carl Orff&#8217;s Educational Ideas<\/a><\/td>\n<td>1993<\/td>\n<td><em>Ostinato. Music for Children, Vol. 19, n\u00ba 2<\/em><\/td>\n<\/tr>\n<tr>\n<td><a href=\"http:\/\/www.awpm.pt\/docs\/Boletim76Apem.pdf\" target=\"_blank\" rel=\"noreferrer noopener\">Actualizar as Ideias Educativas de Carl Orff<\/a><\/td>\n<td>1993<\/td>\n<td><em>Apem<\/em>, 76, 4-9.<\/td>\n<\/tr>\n<\/tbody>\n<\/table>\n<\/figure>\n<p><strong>Articles about Jos Wuytack<\/strong><\/p>\n<table style=\"height: 1015px;\" width=\"993\">\n<tbody>\n<tr>\n<td><span style=\"font-weight: 400;\">Lievens, W. &amp; Vergaelen, W. (1972). Interview met Jos Wuytack. <\/span><i><span style=\"font-weight: 400;\">Mozaiek<\/span><\/i><span style=\"font-weight: 400;\">, 1e jg., 4, 12-17.<\/span><\/td>\n<\/tr>\n<tr>\n<td>\n<p><span style=\"font-weight: 400;\">Boal-Palheiros, G. (1988).<\/span><a href=\"http:\/\/www.awpm.pt\/docs\/Boletim59Apem.pdf\"><span style=\"font-weight: 400;\"> Jos Wuytack. 30 anos ao servi\u00e7o da pedagogia musical<\/span><\/a><span style=\"font-weight: 400;\">. <\/span><i><span style=\"font-weight: 400;\">Boletim da Associa\u00e7\u00e3o<\/span><\/i> <i><span style=\"font-weight: 400;\">Portuguesa de Educa\u00e7\u00e3o Musical<\/span><\/i><span style=\"font-weight: 400;\">,<\/span> <span style=\"font-weight: 400;\">59, 5-7<\/span><\/p>\n<\/td>\n<\/tr>\n<tr>\n<td><span style=\"font-weight: 400;\">Dieltiens, L. Jos Wuytack, een Vlaams monument in de wereld (1995). <\/span><i><span style=\"font-weight: 400;\">Musicerende Jeugd<\/span><\/i><span style=\"font-weight: 400;\">, 16e jg., 63, 2-16.<\/span><\/td>\n<\/tr>\n<tr>\n<td>\n<p><span style=\"font-weight: 400;\">Boal-Palheiros, G. (1998)<\/span><a href=\"http:\/\/www.awpm.pt\/docs\/Boletim98Apem.pdf\"><span style=\"font-weight: 400;\">. Jos Wuytack, M\u00fasico e Pedagogo<\/span><\/a><span style=\"font-weight: 400;\">. <\/span><i><span style=\"font-weight: 400;\">Boletim da Associa\u00e7\u00e3o Portuguesa de<\/span><\/i><i> <\/i><i><span style=\"font-weight: 400;\">Educa\u00e7\u00e3o<\/span><\/i> <i><span style=\"font-weight: 400;\">Musical<\/span><\/i><span style=\"font-weight: 400;\">, 98, 16-24<\/span><a href=\"http:\/\/www.awpm.pt\/docs\/Boletim98Apem.pdf\"><span style=\"font-weight: 400;\">.<\/span><\/a><\/p>\n<\/td>\n<\/tr>\n<tr>\n<td>\n<p><span style=\"font-weight: 400;\">Boal-Palheiros, G. (1999)<\/span><a href=\"http:\/\/www.awpm.pt\/docs\/Boletim103Apem.pdf\"><span style=\"font-weight: 400;\">. Metodologias e investiga\u00e7\u00e3o sobre o ensino do ritmo<\/span><\/a><span style=\"font-weight: 400;\">. <\/span><i><span style=\"font-weight: 400;\">Revista de Educa\u00e7\u00e3o Musical<\/span><\/i><span style=\"font-weight: 400;\">, 103, 4-9.<\/span><\/p>\n<\/td>\n<\/tr>\n<tr>\n<td>\n<p><span style=\"font-weight: 400;\">M\u00fcller, A. (1999). Jos Wuytack. <\/span><a href=\"http:\/\/www.awpm.pt\/docs\/Muller.pdf\"><span style=\"font-weight: 400;\">Entrevista sobre Educaci\u00f3n Musical. <\/span><i><span style=\"font-weight: 400;\">Diferencias<\/span><\/i><\/a><i><span style=\"font-weight: 400;\">. <\/span><\/i><i><span style=\"font-weight: 400;\">Revista del Conservatorio Superior de M\u00fasica \u201cManuel Castillo\u201d de Sevilla<\/span><\/i><span style=\"font-weight: 400;\">, 9, 28-31.<\/span><\/p>\n<\/td>\n<\/tr>\n<tr>\n<td>\n<p><span style=\"font-weight: 400;\">Boal-Palheiros, G. &amp; Wuytack, J. (2006). <a href=\"https:\/\/awpm.pt\/wp-content\/uploads\/2026\/04\/Boal-Palheiros_Wuytack_ICMPC_2006_compressed.pdf\">Effects of the \u2018musicogram\u2019 on children\u2019s musical perception and learning<\/a><\/span><span style=\"font-weight: 400;\">. <\/span><i><span style=\"font-weight: 400;\">Proceedings of the 9th ICMPC<\/span><\/i><span style=\"font-weight: 400;\">, Bologna, CD-ROM, p. 1264-1271.<\/span><\/p>\n<\/td>\n<\/tr>\n<tr>\n<td><span style=\"font-weight: 400;\">Wuytack, J. &amp; Boal-Palheiros, G. (2009). <\/span><a href=\"http:\/\/www.awpm.pt\/docs\/EufoniaMai09.pdf\"><span style=\"font-weight: 400;\">Audici\u00f3n musical activa con el musicograma. <\/span><i><span style=\"font-weight: 400;\">Eufon\u00eda. Did\u00e1ctica de la M\u00fasica<\/span><\/i><\/a><span style=\"font-weight: 400;\">, 47, 43-55.<\/span><\/td>\n<\/tr>\n<tr>\n<td><span style=\"font-weight: 400;\">Boal-Palheiros, G. &amp; Bourscheidt, L. (2011). Jos Wuytack. <a href=\"https:\/\/awpm.pt\/wp-content\/uploads\/2026\/03\/Boal-Palheiros_Bourscheidt_2011-In-Mateiro_Ilari.pdf\">A pedagogia musical activa<\/a>. In T. Mateiro &amp; B. Ilari (Orgs.),\u00a0<\/span><i><span style=\"font-weight: 400;\">Pedagogias em Educa\u00e7\u00e3o Musical<\/span><\/i><span style=\"font-weight: 400;\">, pp. 305-349. Curitiba: Ed IPBEX.<\/span><\/td>\n<\/tr>\n<tr>\n<td><span style=\"font-weight: 400;\">Boal-Palheiros, G. (2012). Jos Wuytack. <a href=\"https:\/\/awpm.pt\/wp-content\/uploads\/2026\/03\/5-Artigos-sobre-Wuytack_Revista-APEM_138.pdf\">Pedagogia Musical com um sorriso<\/a>. <\/span><i><span style=\"font-weight: 400;\">Revista de Educa\u00e7\u00e3o Musical<\/span><\/i><span style=\"font-weight: 400;\">, 138, 5-9.\u00a0\u00a0\u00a0\u00a0\u00a0\u00a0\u00a0\u00a0\u00a0\u00a0\u00a0\u00a0\u00a0\u00a0\u00a0\u00a0\u00a0\u00a0\u00a0<\/span><\/td>\n<\/tr>\n<tr>\n<td><span style=\"font-weight: 400;\">Godinho, J. C. (2012). <a href=\"https:\/\/awpm.pt\/wp-content\/uploads\/2026\/03\/5-Artigos-sobre-Wuytack_Revista-APEM_138-1.pdf\">Jos Wuytack. M\u00fasica, did\u00e1ctica e humor<\/a>.\u00a0 <\/span><i><span style=\"font-weight: 400;\">Revista de Educa\u00e7\u00e3o Musical<\/span><\/i><span style=\"font-weight: 400;\">, 138, 10-11.<\/span><\/td>\n<\/tr>\n<tr>\n<td><span style=\"font-weight: 400;\">Encarna\u00e7\u00e3o, M. (2012). <a href=\"https:\/\/awpm.pt\/wp-content\/uploads\/2026\/03\/5-Artigos-sobre-Wuytack_Revista-APEM_138-1.pdf\">Wuytack, uma marca na forma\u00e7\u00e3o de professores de educa\u00e7\u00e3o musical em Portugal<\/a>. <\/span><i><span style=\"font-weight: 400;\">Revista de Educa\u00e7\u00e3o Musical<\/span><\/i><span style=\"font-weight: 400;\">, 138, 12-13<\/span><\/td>\n<\/tr>\n<tr>\n<td><span style=\"font-weight: 400;\">Lessa, E. (2012). <a href=\"https:\/\/awpm.pt\/wp-content\/uploads\/2026\/03\/5-Artigos-sobre-Wuytack_Revista-APEM_138-1.pdf\">A m\u00fasica \u00e9 a vida e a miss\u00e3o de Jos Wuytack<\/a>. <\/span><i><span style=\"font-weight: 400;\">Revista de Educa\u00e7\u00e3o Musical<\/span><\/i><span style=\"font-weight: 400;\">, 138, 13.<\/span><\/td>\n<\/tr>\n<tr>\n<td><span style=\"font-weight: 400;\">Mettig Rocha, C. (2012). <a href=\"https:\/\/awpm.pt\/wp-content\/uploads\/2026\/03\/5-Artigos-sobre-Wuytack_Revista-APEM_138-1.pdf\">O grande pedagogo Jos Wuytack<\/a>. <\/span><i><span style=\"font-weight: 400;\">Revista de Educa\u00e7\u00e3o Musical<\/span><\/i><span style=\"font-weight: 400;\">, 138, 14-15.<\/span><\/td>\n<\/tr>\n<tr>\n<td><span style=\"font-weight: 400;\">Madalozzo, T. (2012). <a href=\"https:\/\/awpm.pt\/wp-content\/uploads\/2026\/03\/5-Artigos-sobre-Wuytack_Revista-APEM_138-1.pdf\">Jos Wuytack no Brasil: a Pedagogia Musical Activa al\u00e9m-mar<\/a>. <\/span><i><span style=\"font-weight: 400;\">Revista de Educa\u00e7\u00e3o Musical<\/span><\/i><span style=\"font-weight: 400;\">, 138, 15-18.<\/span><\/td>\n<\/tr>\n<tr>\n<td><span style=\"font-weight: 400;\">Pastor Gordero, P. (2013). Entrevista a Jos Wuytack. <\/span><i><span style=\"font-weight: 400;\">Eufonia. Did\u00e1ctica de la M\u00fasica<\/span><\/i><span style=\"font-weight: 400;\">, 57, 99-111.<\/span><\/td>\n<\/tr>\n<tr>\n<td><span style=\"font-weight: 400;\">Boal-Palheiros, G. (2015). <a href=\"https:\/\/awpm.pt\/wp-content\/uploads\/2026\/03\/Boal-Palheiros_MakingMuswithJoy_2015.pdf\">Making music with joy! Active listening, singing, playing and dancing with children<\/a>. <\/span><i><span style=\"font-weight: 400;\">Perspectives. Journal of the Early Childhood Music &amp; Movement Association<\/span><\/i><span style=\"font-weight: 400;\">, 10 (2), 10-17.<\/span><\/td>\n<\/tr>\n<tr>\n<td><span style=\"font-weight: 400;\">Oliveira, C. &amp; Boal-Palheiros, G. (2017). <a href=\"https:\/\/awpm.pt\/wp-content\/uploads\/2026\/03\/Oliveira_Boal-Palheiros_Musicar-Wuytack_2017-1.pdf\">Musicar Wuytack: avalia\u00e7\u00e3o de um projeto de educa\u00e7\u00e3o musical para crian\u00e7as<\/a>. In Fernandes, N., Vieira, M. H., Azevedo, F. &amp; Pereira, B. (Orgs.), <\/span><i><span style=\"font-weight: 400;\">Atas das I Jornadas em Estudos da<\/span><\/i> <i><span style=\"font-weight: 400;\">Crian\u00e7a<\/span><\/i><span style=\"font-weight: 400;\">, pp. 98-116. Universidade do Minho, Instituto de Educa\u00e7\u00e3o.<\/span><\/td>\n<\/tr>\n<tr>\n<td><span style=\"font-weight: 400;\">\u00c1lvares, S. (2019). <a href=\"https:\/\/awpm.pt\/wp-content\/uploads\/2026\/03\/Alvares_PedagWuytack-ABEM-2019.pdf\">A (re)unifica\u00e7\u00e3o do saber musical fragmentado em cursos de forma\u00e7\u00e3o de professores de m\u00fasica<\/a>: a pedagogia musical Wuytack sob a perspectiva da musicalidade abrangente<\/span><i><span style=\"font-weight: 400;\">. XXIV Congresso da Associa\u00e7\u00e3o Brasileira de Educa\u00e7\u00e3o Musical, <\/span><\/i><span style=\"font-weight: 400;\">Novembro<\/span><i><span style=\"font-weight: 400;\">.<\/span><\/i><\/td>\n<\/tr>\n<tr>\n<td><span style=\"font-weight: 400;\">\u00c1lvares, S. (2021). <a href=\"https:\/\/revistas.ufrj.br\/index.php\/rbm\/article\/view\/56994\">Towards a teaching approach in music education. Interview with Jos Wuytack and Gra\u00e7a Boal-Palheiros<\/a>. <\/span><i><span style=\"font-weight: 400;\">Revista Brasileira de M\u00fasica<\/span><\/i><span style=\"font-weight: 400;\">, 34(1), 211-226.\u00a0<\/span><\/td>\n<\/tr>\n<\/tbody>\n<\/table>\n<p><em>Adem \u2013 Tijdschrift voor Muziekkultuur<\/em>\u00a0- Louvain, Belgium<br \/><em>Apem \u2013 Associa\u00e7\u00e3o Portuguesa de Educa\u00e7\u00e3o Musical<\/em>\u00a0\u2013 Lisbon, Portugal<br \/><em>Eufonia. Did\u00e1ctica de la M\u00fasica<\/em>\u00a0\u2013 Barcelona, Spain<br \/><em>Mozaiek<\/em>\u00a0\u2013 Uitgeverij De Monte \u2013 Louvain, Belgium<br \/><em>M\u00fasica y Educaci\u00f3n<\/em>\u00a0\u2013 Madrid, Spain<br \/><em>Musicerende Jeugd<\/em>\u00a0\u2013 Herent, Belgium<br \/><em>Ostinato \u2013 Music for children, Musique pour enfants<\/em>\u00a0\u2013 Carl Orff Canada<br \/><em>Platen Kiezen<\/em>\u00a0\u2013 Gent, Belgium<br \/><em>Tijdschrift voor Opvoedkunde<\/em>\u00a0\u2013 Louvain, Belgium<\/p>\n<p>&nbsp;<\/p>\n\n\t\t<\/div>\n\t<\/div>\n<\/div><\/div><\/div><\/div>","protected":false},"excerpt":{"rendered":"Artigos de Jos Wuytack Bij het heengaan van M. Andries 1965 Adem, 1e jg., n\u00ba1 Gregoriaans als pedagogisch hulpmiddel 1968 Adem, 4e jg., n\u00ba1 Inde voetsporen van C. Orff 1968 Platen Kiezen, 2e jg., n\u00ba2 Muziekpedagogie van Kleuterschool tot Universiteit 1969 Adem, 5e jg., n\u00ba1 Waarom Orff Instrumenten? 1969 Adem, 5e jg., n\u00ba3 Het Nederlandse [...]","protected":false},"author":1,"featured_media":0,"parent":0,"menu_order":0,"comment_status":"closed","ping_status":"closed","template":"","meta":[],"acf":[],"_links":{"self":[{"href":"https:\/\/awpm.pt\/en\/wp-json\/wp\/v2\/pages\/56"}],"collection":[{"href":"https:\/\/awpm.pt\/en\/wp-json\/wp\/v2\/pages"}],"about":[{"href":"https:\/\/awpm.pt\/en\/wp-json\/wp\/v2\/types\/page"}],"author":[{"embeddable":true,"href":"https:\/\/awpm.pt\/en\/wp-json\/wp\/v2\/users\/1"}],"replies":[{"embeddable":true,"href":"https:\/\/awpm.pt\/en\/wp-json\/wp\/v2\/comments?post=56"}],"version-history":[{"count":28,"href":"https:\/\/awpm.pt\/en\/wp-json\/wp\/v2\/pages\/56\/revisions"}],"predecessor-version":[{"id":1909,"href":"https:\/\/awpm.pt\/en\/wp-json\/wp\/v2\/pages\/56\/revisions\/1909"}],"wp:attachment":[{"href":"https:\/\/awpm.pt\/en\/wp-json\/wp\/v2\/media?parent=56"}],"curies":[{"name":"wp","href":"https:\/\/api.w.org\/{rel}","templated":true}]}}