{"id":29,"date":"2022-02-16T14:28:02","date_gmt":"2022-02-16T14:28:02","guid":{"rendered":"https:\/\/awpm.pt\/?page_id=29"},"modified":"2022-03-28T17:21:12","modified_gmt":"2022-03-28T17:21:12","slug":"biografia","status":"publish","type":"page","link":"https:\/\/awpm.pt\/en\/biografia\/","title":{"rendered":"Biography"},"content":{"rendered":"<div class=\"is-layout-flex wp-container-3 wp-block-columns\">\n<div class=\"is-layout-flow wp-block-column\">\n<p>Jos Wuytack was born in Gent, Belgium, on March 23, in 1935. He earned his degrees in Music (Composition, Piano, Organ) and Pedagogy at the Lemmens Institute, University of Louvain, where he later became Professor of Music Pedagogy. He has also taught at the Higher Music Institute of Namur, Belgium, the Music Conservatoire of Tilburg, Holland, and the Music Institute of Active Methods of Lyon, France. He was guest Professor at the University of Southern California, Los Angeles, U.S.A.<\/p>\n\n\n\n<p>Throughout his international career as music educator, Jos Wuytack has developed an active and creative approach to music education based upon the ideas of Carl Orff, who recognised Wuytack as a leading figure in this approach. He has been often invited by European and American universities and has taught over one thousand courses and workshops for music teachers, in 50 different countries in Europe, Africa, America, Asia, and Australia.<\/p>\n<\/div>\n\n\n\n<div class=\"is-layout-flow wp-block-column is-vertically-aligned-center\">\n<figure class=\"wp-block-image size-large is-resized\"><img decoding=\"async\" src=\"https:\/\/awpm.pt\/wp-content\/uploads\/2022\/03\/Jos-Wuytack-1992-1024x929.jpg\" alt=\"\" class=\"wp-image-470\" width=\"333\" height=\"302\" srcset=\"https:\/\/awpm.pt\/wp-content\/uploads\/2022\/03\/Jos-Wuytack-1992-1024x929.jpg 1024w, https:\/\/awpm.pt\/wp-content\/uploads\/2022\/03\/Jos-Wuytack-1992-300x272.jpg 300w, https:\/\/awpm.pt\/wp-content\/uploads\/2022\/03\/Jos-Wuytack-1992-768x697.jpg 768w, https:\/\/awpm.pt\/wp-content\/uploads\/2022\/03\/Jos-Wuytack-1992-1536x1394.jpg 1536w, https:\/\/awpm.pt\/wp-content\/uploads\/2022\/03\/Jos-Wuytack-1992-13x12.jpg 13w, https:\/\/awpm.pt\/wp-content\/uploads\/2022\/03\/Jos-Wuytack-1992-1280x1162.jpg 1280w, https:\/\/awpm.pt\/wp-content\/uploads\/2022\/03\/Jos-Wuytack-1992-1000x908.jpg 1000w, https:\/\/awpm.pt\/wp-content\/uploads\/2022\/03\/Jos-Wuytack-1992-600x545.jpg 600w, https:\/\/awpm.pt\/wp-content\/uploads\/2022\/03\/Jos-Wuytack-1992.jpg 1558w\" sizes=\"(max-width: 333px) 100vw, 333px\" \/><\/figure>\n<\/div>\n<\/div>\n\n\n\n<div class=\"is-layout-flex wp-container-6 wp-block-columns are-vertically-aligned-center\">\n<div class=\"is-layout-flow wp-block-column is-vertically-aligned-center\">\n<figure class=\"wp-block-image size-full\"><img decoding=\"async\" width=\"1024\" height=\"768\" src=\"https:\/\/awpm.pt\/wp-content\/uploads\/2022\/03\/18-Curso-Curitiba-2009.jpg\" alt=\"\" class=\"wp-image-841\" srcset=\"https:\/\/awpm.pt\/wp-content\/uploads\/2022\/03\/18-Curso-Curitiba-2009.jpg 1024w, https:\/\/awpm.pt\/wp-content\/uploads\/2022\/03\/18-Curso-Curitiba-2009-300x225.jpg 300w, https:\/\/awpm.pt\/wp-content\/uploads\/2022\/03\/18-Curso-Curitiba-2009-768x576.jpg 768w, https:\/\/awpm.pt\/wp-content\/uploads\/2022\/03\/18-Curso-Curitiba-2009-16x12.jpg 16w, https:\/\/awpm.pt\/wp-content\/uploads\/2022\/03\/18-Curso-Curitiba-2009-94x70.jpg 94w, https:\/\/awpm.pt\/wp-content\/uploads\/2022\/03\/18-Curso-Curitiba-2009-600x450.jpg 600w, https:\/\/awpm.pt\/wp-content\/uploads\/2022\/03\/18-Curso-Curitiba-2009-900x675.jpg 900w, https:\/\/awpm.pt\/wp-content\/uploads\/2022\/03\/18-Curso-Curitiba-2009-1000x750.jpg 1000w\" sizes=\"(max-width: 1024px) 100vw, 1024px\" \/><\/figure>\n<\/div>\n\n\n\n<div class=\"is-layout-flow wp-block-column is-vertically-aligned-center\">\n<p>His widespread activity in the training of music teachers has significantly contributed to the development of music education at international level. In 1995 he received the Pro Merito Award from the Carl Orff Foundation in M\u00fcnich, Germany, for his meritorious work in music pedagogy.<\/p>\n\n\n\n<p>He has composed a wide range of vocal and instrumental works for choir, Orff instruments, recorders, percussion, and symphonic orchestra, some of which have been edited by Harmonia Mundi. He has published articles and books on music education in several countries. His songs with motion for children have been published in six different languages (Flemish, French, English, Portuguese, Spanish, and Chinese).<\/p>\n\n\n\n<p>One of his most original contributions to modern music education is his pedagogy of Active Music Listening, with the methodology of the Musicogram, for teaching music appreciation. It has been edited in Flemish (1972), French (1974), Portuguese (1995 and 2016) and Spanish (1996) and has been widely used in Western Europe and North America.<\/p>\n<\/div>\n<\/div>","protected":false},"excerpt":{"rendered":"<p>Jos Wuytack nasceu a 23 de Mar\u00e7o de 1935 em Gent, B\u00e9lgica. Completou estudos superiores em M\u00fasica (Composi\u00e7\u00e3o, Piano, \u00d3rg\u00e3o), Pedagogia e Teologia. Foi titular de Pedagogia Musical no Instituto Lemmens da Universidade de Lovaina (B\u00e9lgica), e leccionou tamb\u00e9m no Instituto Superior de M\u00fasica de Namur (B\u00e9lgica), no Conservat\u00f3rio de Tilburg (Holanda), no Instituto Musical [&hellip;]<\/p>","protected":false},"author":1,"featured_media":30,"parent":0,"menu_order":0,"comment_status":"closed","ping_status":"closed","template":"","meta":[],"acf":[],"_links":{"self":[{"href":"https:\/\/awpm.pt\/en\/wp-json\/wp\/v2\/pages\/29"}],"collection":[{"href":"https:\/\/awpm.pt\/en\/wp-json\/wp\/v2\/pages"}],"about":[{"href":"https:\/\/awpm.pt\/en\/wp-json\/wp\/v2\/types\/page"}],"author":[{"embeddable":true,"href":"https:\/\/awpm.pt\/en\/wp-json\/wp\/v2\/users\/1"}],"replies":[{"embeddable":true,"href":"https:\/\/awpm.pt\/en\/wp-json\/wp\/v2\/comments?post=29"}],"version-history":[{"count":28,"href":"https:\/\/awpm.pt\/en\/wp-json\/wp\/v2\/pages\/29\/revisions"}],"predecessor-version":[{"id":867,"href":"https:\/\/awpm.pt\/en\/wp-json\/wp\/v2\/pages\/29\/revisions\/867"}],"wp:featuredmedia":[{"embeddable":true,"href":"https:\/\/awpm.pt\/en\/wp-json\/wp\/v2\/media\/30"}],"wp:attachment":[{"href":"https:\/\/awpm.pt\/en\/wp-json\/wp\/v2\/media?parent=29"}],"curies":[{"name":"wp","href":"https:\/\/api.w.org\/{rel}","templated":true}]}}