{"id":1374,"date":"2025-03-20T21:07:16","date_gmt":"2025-03-20T21:07:16","guid":{"rendered":"https:\/\/awpm.pt\/?page_id=1374"},"modified":"2025-04-07T10:07:03","modified_gmt":"2025-04-07T10:07:03","slug":"quem-somos","status":"publish","type":"page","link":"https:\/\/awpm.pt\/en\/a-awpm\/quem-somos\/","title":{"rendered":"Quem somos"},"content":{"rendered":"<div class=\"vc_row wpb_row vc_row-fluid\"><div class=\"wpb_column vc_column_container vc_col-sm-12\"><div class=\"vc_column-inner\"><div class=\"wpb_wrapper\">\n\t<div class=\"wpb_text_column wpb_content_element\" >\n\t\t<div class=\"wpb_wrapper\">\n\t\t\t<div class=\"wp-block-columns\">\n<div class=\"wp-block-column has-text-color\" style=\"color: #010080;\">\n<div class=\"wp-block-themepunch-revslider revslider\" data-modal=\"false\" data-slidertitle=\"homepage\">\n<p style=\"color: #010080;\">\n\n\t\t<\/div>\n\t<\/div>\n<\/div><\/div><\/div><\/div>\n\t\t\t<!-- START homepage REVOLUTION SLIDER 6.5.15 --><p class=\"rs-p-wp-fix\"><\/p>\n\t\t\t<rs-module-wrap id=\"rev_slider_1_1_wrapper\" data-source=\"gallery\" style=\"visibility:hidden;background:transparent;padding:0;margin:0px auto;margin-top:0;margin-bottom:0;max-width:1280px;\">\n\t\t\t\t<rs-module id=\"rev_slider_1_1\" style=\"\" data-version=\"6.5.15\">\n\t\t\t\t\t<rs-slides>\n\t\t\t\t\t\t<rs-slide style=\"position: absolute;\" data-key=\"rs-1\" data-title=\"Slide\" data-thumb=\"\/\/awpm.pt\/wp-content\/uploads\/2022\/02\/1-Curso-JW-Salvador-2009-1-50x100.jpg\" data-in=\"o:0;\" data-out=\"a:false;\">\n\t\t\t\t\t\t\t<img src=\"\/\/awpm.pt\/wp-content\/plugins\/revslider\/public\/assets\/assets\/dummy.png\" alt=\"\" title=\"1-Curso JW Salvador 2009 (1)\" width=\"800\" height=\"320\" class=\"rev-slidebg tp-rs-img rs-lazyload\" data-lazyload=\"\/\/awpm.pt\/wp-content\/uploads\/2022\/02\/1-Curso-JW-Salvador-2009-1.jpg\" data-no-retina>\n<!--\n\t\t\t\t\t\t\t--><rs-layer\n\t\t\t\t\t\t\t\tid=\"slider-1-slide-1-layer-1\" \n\t\t\t\t\t\t\t\tdata-type=\"text\"\n\t\t\t\t\t\t\t\tdata-color=\"#fff\"\n\t\t\t\t\t\t\t\tdata-rsp_ch=\"on\"\n\t\t\t\t\t\t\t\tdata-xy=\"x:23px;y:593px;\"\n\t\t\t\t\t\t\t\tdata-text=\"w:normal;s:32;l:40;fw:900;\"\n\t\t\t\t\t\t\t\tdata-frame_999=\"o:0;st:w;\"\n\t\t\t\t\t\t\t\tstyle=\"z-index:6;font-family:'Roboto';\"\n\t\t\t\t\t\t\t>33 Anos<br \/>\nAprender a ensinar m\u00fasica com alegria! \n\t\t\t\t\t\t\t<\/rs-layer><!--\n-->\t\t\t\t\t\t<\/rs-slide>\n\t\t\t\t\t\t<rs-slide style=\"position: absolute;\" data-key=\"rs-2\" data-title=\"Slide\" data-thumb=\"\/\/awpm.pt\/wp-content\/uploads\/2022\/02\/2-Curso-JW-Curitiba-2010-50x100.jpg\" data-in=\"o:0;\" data-out=\"a:false;\">\n\t\t\t\t\t\t\t<img src=\"\/\/awpm.pt\/wp-content\/plugins\/revslider\/public\/assets\/assets\/dummy.png\" alt=\"\" title=\"2-Curso JW Curitiba 2010\" width=\"1024\" height=\"768\" class=\"rev-slidebg tp-rs-img rs-lazyload\" data-lazyload=\"\/\/awpm.pt\/wp-content\/uploads\/2022\/02\/2-Curso-JW-Curitiba-2010.jpg\" data-no-retina>\n<!--\n\t\t\t\t\t\t\t--><rs-layer\n\t\t\t\t\t\t\t\tid=\"slider-1-slide-2-layer-4\" \n\t\t\t\t\t\t\t\tdata-type=\"text\"\n\t\t\t\t\t\t\t\tdata-color=\"#fff\"\n\t\t\t\t\t\t\t\tdata-rsp_ch=\"on\"\n\t\t\t\t\t\t\t\tdata-xy=\"x:27px;y:593px;\"\n\t\t\t\t\t\t\t\tdata-text=\"w:normal;s:32;l:40;fw:900;\"\n\t\t\t\t\t\t\t\tdata-frame_999=\"o:0;st:w;\"\n\t\t\t\t\t\t\t\tstyle=\"z-index:6;font-family:'Roboto';\"\n\t\t\t\t\t\t\t>33 Anos<br \/>\nAprender a ensinar m\u00fasica com alegria!<br \/>\n \n\t\t\t\t\t\t\t<\/rs-layer><!--\n-->\t\t\t\t\t\t<\/rs-slide>\n\t\t\t\t\t\t<rs-slide style=\"position: absolute;\" data-key=\"rs-3\" data-title=\"Slide\" data-thumb=\"\/\/awpm.pt\/wp-content\/uploads\/2022\/03\/14-Concerto-14-Out-17-Agradecimento-50x100.jpg\" data-in=\"o:0;\" data-out=\"a:false;\">\n\t\t\t\t\t\t\t<img src=\"\/\/awpm.pt\/wp-content\/plugins\/revslider\/public\/assets\/assets\/dummy.png\" alt=\"\" title=\"14-Concerto-14-Out-17-Agradecimento\" width=\"1024\" height=\"681\" class=\"rev-slidebg tp-rs-img rs-lazyload\" data-lazyload=\"\/\/awpm.pt\/wp-content\/uploads\/2022\/03\/14-Concerto-14-Out-17-Agradecimento.jpg\" data-no-retina>\n<!--\n\t\t\t\t\t\t\t--><rs-layer\n\t\t\t\t\t\t\t\tid=\"slider-1-slide-3-layer-6\" \n\t\t\t\t\t\t\t\tdata-type=\"text\"\n\t\t\t\t\t\t\t\tdata-color=\"#fff\"\n\t\t\t\t\t\t\t\tdata-rsp_ch=\"on\"\n\t\t\t\t\t\t\t\tdata-xy=\"x:23px;y:31px;\"\n\t\t\t\t\t\t\t\tdata-text=\"w:normal;s:28;l:36;fw:900;\"\n\t\t\t\t\t\t\t\tdata-frame_999=\"o:0;st:w;\"\n\t\t\t\t\t\t\t\tstyle=\"z-index:6;font-family:'Roboto';\"\n\t\t\t\t\t\t\t>33 Anos<br \/>\nAprender a ensinar m\u00fasica com alegria!<br \/>\n \n\t\t\t\t\t\t\t<\/rs-layer><!--\n-->\t\t\t\t\t\t<\/rs-slide>\n\t\t\t\t\t<\/rs-slides>\n\t\t\t\t<\/rs-module>\n\t\t\t\t<script>\n\t\t\t\t\tsetREVStartSize({c: 'rev_slider_1_1',rl:[1240,1024,778,480],el:[720],gw:[1280],gh:[720],type:'standard',justify:'',layout:'fullwidth',mh:\"0\"});if (window.RS_MODULES!==undefined && window.RS_MODULES.modules!==undefined && window.RS_MODULES.modules[\"revslider11\"]!==undefined) {window.RS_MODULES.modules[\"revslider11\"].once = false;window.revapi1 = undefined;if (window.RS_MODULES.checkMinimal!==undefined) window.RS_MODULES.checkMinimal()}\n\t\t\t\t<\/script>\n\t\t\t<\/rs-module-wrap>\n\t\t\t<!-- END REVOLUTION SLIDER -->\n<div class=\"vc_row wpb_row vc_row-fluid\"><div class=\"wpb_column vc_column_container vc_col-sm-12\"><div class=\"vc_column-inner\"><div class=\"wpb_wrapper\">\n\t<div class=\"wpb_text_column wpb_content_element\" >\n\t\t<div class=\"wpb_wrapper\">\n\t\t\t<p>&nbsp;<\/p>\n<p class=\"has-black-color has-text-color\" style=\"color: #010080;\"><strong>The<\/strong>\u00a0<strong>Wuytack Association for Music Pedagogy (Associa\u00e7\u00e3o Wuytack de Pedagogia Musical - AWPM)<\/strong>, is a pedagogical, cultural, and non-profit association, with a public utility status. It was created in Porto, Portugal, in 1992, for the purpose of disseminating the musical and pedagogical principles elaborated by the Belgian composer and pedagogue <a href=\"https:\/\/awpm.pt\/en\/biografia\/\">Jos Wuytack<\/a>a world leading figure in the field of music teacher education.<\/p>\n<p class=\"has-black-color has-text-color\" style=\"color: #010080;\">As atividades realizadas pela AWPM abrangem diversas \u00e1reas complementares: <a href=\"https:\/\/awpm.pt\/en\/category\/formacao\/\">pedagogical<\/a> (teacher education), <a href=\"https:\/\/awpm.pt\/en\/shop\/\">editorial<\/a> (publication of books and CD\u2019s), <a href=\"https:\/\/awpm.pt\/en\/category\/concertos\/\">musical and cultural<\/a> (launching of concerts with children and young musicians, exchange with other organisations, both national and international).<\/p>\n<p class=\"has-black-color has-text-color translation-block\" style=\"color: #010080;\">Emanating from the ideas of the Orff-Schulwerk, the Wuytack Pedagogy is based on the principles of activity, creativity, community and totality. Developing an elemental music, which creates a unity with word and movement, this pedagogy aims at the integration of verbal, musical and corporal expression. The goal is that children participate in the joy of making music together, through the combination of voice, as a means of expression, par excellence, of human beings, the Orff instruments, used for musical creation and performance, and the body, to express movement, mime, and dance.<\/p>\n<p><strong><span style=\"color: #993366;\"><em>P<\/em><em>ara p\u00f4r em pr\u00e1tica a pedagogia musical de Jos Wuytack, p<\/em><\/span><\/strong><em style=\"color: #808080;\"><strong><span style=\"color: #993366;\">esquise os livros editados pela AWPM e adquira as publica\u00e7\u00f5es relevantes<\/span><\/strong> : <\/em><strong style=\"color: #808080;\"><a style=\"color: #808080;\" href=\"https:\/\/awpm.pt\/en\/shop\/\" data-type=\"URL\" data-id=\"https:\/\/awpm.pt\/formulario-de-inscricao\/\">Publications<\/a><\/strong><em style=\"color: #808080;\"><strong><span style=\"color: #993366;\">\u00a0e inscreva-se na pr\u00f3xima a\u00e7\u00e3o de forma\u00e7\u00e3o:<\/span><\/strong><\/em><\/p>\n<h2 style=\"font-weight: 400;\"><strong>PEDAGOGIA MUSICAL 2<\/strong><\/h2>\n<h2 style=\"font-weight: 400;\"><strong>Helena Venda Lima e Gra\u00e7a Boal Palheiros<\/strong><\/h2>\n<h3 style=\"font-weight: 400;\">A\u00e7\u00e3o Creditada (12h) para docentes dos Grupos<br \/>\n250, 610, M 26, M 28, M 32, 100, 110<\/h3>\n<p>3 e 10 de maio 2025, 10.00-17.30<br \/>\nEscola Superior de Educa\u00e7\u00e3o, P. Porto<\/p>\n<p style=\"font-weight: 400;\">Inscri\u00e7\u00e3o inclui OFERTA do livro PEDAGOGIA MUSICAL 2, de Jos Wuytack e Gra\u00e7a Boal Palheiros<br \/>\nAt\u00e9 30 de abril, enviar inscri\u00e7\u00e3o e comprovativo<\/p>\n<ul>\n<li>\n<h2><span style=\"color: #808080;\"><span style=\"color: #ffffff;\"><span style=\"color: #000080;\"><strong><a style=\"color: #000080;\" href=\"https:\/\/awpm.pt\/en\/formulario-de-inscricao\/\">Inscreva-se <\/a><\/strong><\/span><strong><a style=\"color: #ffffff;\" href=\"https:\/\/awpm.pt\/en\/formulario-de-inscricao\/\">aqui<\/a><\/strong><\/span><\/span><\/h2>\n<\/li>\n<\/ul>\n<\/div>\n<\/div>\n<\/div>\n<p>&nbsp;<\/p>\n<h1><strong><span style=\"color: #0000ff;\">33th Anniversary of the WUYTACK ASSOCIATION, 4 April 2025<\/span><\/strong><\/h1>\n<p><strong><span style=\"color: #0000ff;\">We are happy to share with our friends and colleagues that today we celebrate the anniversary of the Wuytack Association of Music Pedagogy, created in Porto, Portugal in 1992.<\/span><\/strong><\/p>\n<p><strong><span style=\"color: #0000ff;\">Through the highly musical, creative and captivating strategies of &#8220;teaching with joy&#8221; of Prof. Jos Wuytack, thousands of teachers have changed to a better music education!<\/span><\/strong><\/p>\n<p><strong><span style=\"color: #0000ff;\">We are proud to have contributed, with courses, publications and concerts with young people, to this remarkable music teacher <\/span><span style=\"color: #0000ff;\">professional development!<\/span><\/strong><\/p>\n<h4><\/h4>\n<p>&nbsp;<\/p>\n<div style=\"width: 640px;\" class=\"wp-video\"><!--[if lt IE 9]><script>document.createElement('video');<\/script><![endif]-->\n<video class=\"wp-video-shortcode\" id=\"video-1374-1\" width=\"640\" height=\"360\" preload=\"metadata\" controls=\"controls\"><source type=\"video\/mp4\" src=\"https:\/\/awpm.pt\/wp-content\/uploads\/2025\/04\/Jos-Wuytack-Este-Linho-E-Mourisco.mp4?_=1\" \/><a href=\"https:\/\/awpm.pt\/wp-content\/uploads\/2025\/04\/Jos-Wuytack-Este-Linho-E-Mourisco.mp4\">https:\/\/awpm.pt\/wp-content\/uploads\/2025\/04\/Jos-Wuytack-Este-Linho-E-Mourisco.mp4<\/a><\/video><\/div>\n<div class=\"wp-block-column has-text-color\" style=\"color: #010080;\">\n<h5>A Portuguese traditional song (&#8220;Este linho \u00e9 mourisco&#8221;) harmonized by Jos Wuytack (in Can\u00e7\u00f5es Tradicionais Portuguesas, published by AWPM\u00a0 \u00a0\u00a0<a href=\"https:\/\/awpm.pt\/en\/product\/1998-cancoes-tradicionais-portuguesas\/\"><em>http:\/\/awpm.pt\/product\/1998-cancoes-tradicionais-portuguesas\/<\/em><\/a>\u00a0), and performed by Gra\u00e7a Boal Palheiros&#8217; students of the Master\u2019s in Music Education of the Polytechnic of Porto School of Education.<\/h5>\n<\/div>\n<div class=\"wp-block-columns\">\n<div class=\"wp-block-column has-text-color\" style=\"color: #010080;\">\n<div class=\"wp-block-columns\">\n<div class=\"wp-block-column has-text-color\" style=\"color: #010080;\">\n<div class=\"wp-block-themepunch-revslider revslider\" data-modal=\"false\" data-slidertitle=\"homepage\">\n<h3><\/h3>\n<h3 style=\"color: #010080; text-align: center;\"><strong>23 de Mar\u00e7o Dia de Anivers\u00e1rio de\u00a0<\/strong><span style=\"color: #0000ff;\"><strong> <a style=\"color: #0000ff;\" href=\"https:\/\/awpm.pt\/en\/biografia\/\">JOS WUYTACK<\/a><\/strong><strong> !!!<\/strong><\/span><\/h3>\n<\/div>\n<\/div>\n<\/div>\n<div class=\"wp-block-columns\">\n<div class=\"wp-block-column has-text-color\" style=\"color: #010080;\">\n<div class=\"wp-block-columns has-medium-font-size\" style=\"color: #010080;\">\n<div class=\"wp-block-column\" style=\"flex-basis: 100%;\">\n<figure class=\"wp-block-image aligncenter size-full\"><img decoding=\"async\" class=\"wp-image-1186 aligncenter\" src=\"https:\/\/awpm.pt\/wp-content\/uploads\/2024\/03\/JosRosasFAret.png\" alt=\"\" width=\"375\" height=\"194\" \/><\/figure>\n<\/div>\n<\/div>\n<figure><\/figure>\n<div class=\"wp-block-columns has-medium-font-size\" style=\"color: #010080;\">\n<figure><\/figure>\n<div class=\"wp-block-column\" style=\"flex-basis: 100%;\"><\/div>\n<\/div>\n<\/div>\n<\/div>\n<\/div>\n<\/div>\n<div class=\"wp-block-columns\">\n<div class=\"wp-block-column has-text-color\" style=\"color: #010080;\">\n<div class=\"wp-block-columns has-medium-font-size\" style=\"color: #010080;\">\n<div class=\"wp-block-column\" style=\"flex-basis: 100%;\"><\/div>\n<\/div>\n<h2 class=\"wp-block-themepunch-revslider revslider\" data-modal=\"false\" data-slidertitle=\"homepage\"><span style=\"text-decoration: underline;\">AWPM comemorou 30 anos em 2022!<\/span><\/h2>\n<p class=\"has-text-align-center has-black-color has-text-color\" style=\"color: #010080;\">Comemorou os 30 Anos com m\u00fasica de Jos Wuytack num concerto no Porto, dia 25 de setembro de 2022, com os jovens m\u00fasicos da Escola de M\u00fasica de Le\u00e7a da Palmeira e da Escola de M\u00fasica da P\u00f3voa de Varzim, e tamb\u00e9m com os futuros professores de m\u00fasica, mestrandos na ESE do Porto!<\/p>\n<figure class=\"wp-block-image aligncenter size-large is-resized\" style=\"color: #010080;\"><img decoding=\"async\" class=\"wp-image-905\" src=\"https:\/\/awpm.pt\/wp-content\/uploads\/2022\/09\/Concerto-Wuytack-Poster-25-Set-22-734x1024.jpg\" alt=\"\" width=\"367\" height=\"512\" srcset=\"https:\/\/awpm.pt\/wp-content\/uploads\/2022\/09\/Concerto-Wuytack-Poster-25-Set-22-734x1024.jpg 734w, https:\/\/awpm.pt\/wp-content\/uploads\/2022\/09\/Concerto-Wuytack-Poster-25-Set-22-215x300.jpg 215w, https:\/\/awpm.pt\/wp-content\/uploads\/2022\/09\/Concerto-Wuytack-Poster-25-Set-22-768x1072.jpg 768w, https:\/\/awpm.pt\/wp-content\/uploads\/2022\/09\/Concerto-Wuytack-Poster-25-Set-22-1101x1536.jpg 1101w, https:\/\/awpm.pt\/wp-content\/uploads\/2022\/09\/Concerto-Wuytack-Poster-25-Set-22-1468x2048.jpg 1468w, https:\/\/awpm.pt\/wp-content\/uploads\/2022\/09\/Concerto-Wuytack-Poster-25-Set-22-9x12.jpg 9w, https:\/\/awpm.pt\/wp-content\/uploads\/2022\/09\/Concerto-Wuytack-Poster-25-Set-22-1280x1786.jpg 1280w, https:\/\/awpm.pt\/wp-content\/uploads\/2022\/09\/Concerto-Wuytack-Poster-25-Set-22-1000x1395.jpg 1000w, https:\/\/awpm.pt\/wp-content\/uploads\/2022\/09\/Concerto-Wuytack-Poster-25-Set-22-600x837.jpg 600w, https:\/\/awpm.pt\/wp-content\/uploads\/2022\/09\/Concerto-Wuytack-Poster-25-Set-22-scaled.jpg 1835w\" sizes=\"(max-width: 367px) 100vw, 367px\" \/><\/figure>\n<figure class=\"wp-block-image aligncenter size-large is-resized\" style=\"color: #010080;\"><img decoding=\"async\" class=\"wp-image-904\" src=\"https:\/\/awpm.pt\/wp-content\/uploads\/2022\/09\/Concerto-Wuytack-Convite-25-Set-22-1024x503.jpg\" alt=\"\" width=\"256\" height=\"126\" srcset=\"https:\/\/awpm.pt\/wp-content\/uploads\/2022\/09\/Concerto-Wuytack-Convite-25-Set-22-1024x503.jpg 1024w, https:\/\/awpm.pt\/wp-content\/uploads\/2022\/09\/Concerto-Wuytack-Convite-25-Set-22-300x147.jpg 300w, https:\/\/awpm.pt\/wp-content\/uploads\/2022\/09\/Concerto-Wuytack-Convite-25-Set-22-768x377.jpg 768w, https:\/\/awpm.pt\/wp-content\/uploads\/2022\/09\/Concerto-Wuytack-Convite-25-Set-22-1536x754.jpg 1536w, https:\/\/awpm.pt\/wp-content\/uploads\/2022\/09\/Concerto-Wuytack-Convite-25-Set-22-2048x1005.jpg 2048w, https:\/\/awpm.pt\/wp-content\/uploads\/2022\/09\/Concerto-Wuytack-Convite-25-Set-22-18x9.jpg 18w, https:\/\/awpm.pt\/wp-content\/uploads\/2022\/09\/Concerto-Wuytack-Convite-25-Set-22-1280x628.jpg 1280w, https:\/\/awpm.pt\/wp-content\/uploads\/2022\/09\/Concerto-Wuytack-Convite-25-Set-22-1000x491.jpg 1000w, https:\/\/awpm.pt\/wp-content\/uploads\/2022\/09\/Concerto-Wuytack-Convite-25-Set-22-600x294.jpg 600w\" sizes=\"(max-width: 256px) 100vw, 256px\" \/><\/figure>\n<p style=\"color: #010080;\">\n\n\t\t<\/div>\n\t<\/div>\n<\/div><\/div><\/div><\/div>\n<\/div>\n<\/div>\n<p><!--more--><\/p>\n<p><!--more--><\/p>","protected":false},"excerpt":{"rendered":"33 Anos Aprender a ensinar m\u00fasica com alegria! 33 Anos Aprender a ensinar m\u00fasica com alegria! 33 Anos Aprender a ensinar m\u00fasica com alegria! &nbsp; A\u00a0Associa\u00e7\u00e3o Wuytack de Pedagogia Musical \u2013 AWPM, criada no Porto em 1992, \u00e9 uma associa\u00e7\u00e3o pedag\u00f3gica e cultural, sem fins lucrativos, com o estatuto de Utilidade P\u00fablica, que tem por [...]","protected":false},"author":1,"featured_media":0,"parent":249,"menu_order":0,"comment_status":"closed","ping_status":"closed","template":"","meta":[],"acf":[],"_links":{"self":[{"href":"https:\/\/awpm.pt\/en\/wp-json\/wp\/v2\/pages\/1374"}],"collection":[{"href":"https:\/\/awpm.pt\/en\/wp-json\/wp\/v2\/pages"}],"about":[{"href":"https:\/\/awpm.pt\/en\/wp-json\/wp\/v2\/types\/page"}],"author":[{"embeddable":true,"href":"https:\/\/awpm.pt\/en\/wp-json\/wp\/v2\/users\/1"}],"replies":[{"embeddable":true,"href":"https:\/\/awpm.pt\/en\/wp-json\/wp\/v2\/comments?post=1374"}],"version-history":[{"count":16,"href":"https:\/\/awpm.pt\/en\/wp-json\/wp\/v2\/pages\/1374\/revisions"}],"predecessor-version":[{"id":1562,"href":"https:\/\/awpm.pt\/en\/wp-json\/wp\/v2\/pages\/1374\/revisions\/1562"}],"up":[{"embeddable":true,"href":"https:\/\/awpm.pt\/en\/wp-json\/wp\/v2\/pages\/249"}],"wp:attachment":[{"href":"https:\/\/awpm.pt\/en\/wp-json\/wp\/v2\/media?parent=1374"}],"curies":[{"name":"wp","href":"https:\/\/api.w.org\/{rel}","templated":true}]}}